{"id":611,"date":"2026-02-26T15:56:36","date_gmt":"2026-02-26T14:56:36","guid":{"rendered":"https:\/\/microbus.com\/?page_id=611"},"modified":"2026-03-23T14:54:43","modified_gmt":"2026-03-23T13:54:43","slug":"utmarkelser-erkannande","status":"publish","type":"page","link":"https:\/\/microbus.com\/sv\/awards-recognition\/","title":{"rendered":"Utm\u00e4rkelser och erk\u00e4nnanden"},"content":{"rendered":"<p>P\u00e5 Microbus Electronic Service AB \u00e4r vi stolta \u00f6ver att v\u00e5rt arbete, ledarskap och l\u00e5ngsiktiga engagemang f\u00f6r kvalitet har uppm\u00e4rksammats b\u00e5de lokalt och internationellt. Dessa erk\u00e4nnanden \u00e5terspeglar inte bara aff\u00e4rsresultat, utan ocks\u00e5 innovation, ansvar och engagemang f\u00f6r v\u00e5r bransch.<\/p>\n\n\n\n<p>Nedan f\u00f6ljer ett urval av priser och utm\u00e4rkelser som Microbus och v\u00e5rt ledarskap har f\u00e5tt.<\/p>\n\n\n\n<div class=\"wp-block-group has-border-color has-foreground-background-color has-background has-global-padding is-layout-constrained wp-block-group-is-layout-constrained\" style=\"border-color:#354e78;border-top-left-radius:20px;border-top-right-radius:20px;border-bottom-left-radius:20px;border-bottom-right-radius:20px\">\n<div class=\"wp-block-columns is-layout-flex wp-container-core-columns-is-layout-28f84493 wp-block-columns-is-layout-flex\">\n<div class=\"wp-block-column is-layout-flow wp-block-column-is-layout-flow\">\n<figure class=\"wp-block-image aligncenter size-large is-resized\"><img loading=\"lazy\" decoding=\"async\" width=\"329\" height=\"1024\" src=\"https:\/\/microbus.com\/wp-content\/uploads\/2026\/02\/DI-Gasell-2025-Award-1-329x1024.png\" alt=\"DI Gasell 2025-priset\" class=\"wp-image-630\" style=\"width:auto;height:500px\" srcset=\"https:\/\/microbus.com\/wp-content\/uploads\/2026\/02\/DI-Gasell-2025-Award-1-329x1024.png 329w, https:\/\/microbus.com\/wp-content\/uploads\/2026\/02\/DI-Gasell-2025-Award-1-96x300.png 96w, https:\/\/microbus.com\/wp-content\/uploads\/2026\/02\/DI-Gasell-2025-Award-1-768x2390.png 768w, https:\/\/microbus.com\/wp-content\/uploads\/2026\/02\/DI-Gasell-2025-Award-1-494x1536.png 494w, https:\/\/microbus.com\/wp-content\/uploads\/2026\/02\/DI-Gasell-2025-Award-1-658x2048.png 658w, https:\/\/microbus.com\/wp-content\/uploads\/2026\/02\/DI-Gasell-2025-Award-1-4x12.png 4w, https:\/\/microbus.com\/wp-content\/uploads\/2026\/02\/DI-Gasell-2025-Award-1-scaled.png 823w\" sizes=\"auto, (max-width: 329px) 100vw, 329px\" \/><\/figure>\n<\/div>\n\n\n\n<div class=\"wp-block-column is-layout-flow wp-block-column-is-layout-flow\">\n<h3 class=\"wp-block-heading has-custom-microbus-blue-color has-text-color has-link-color wp-elements-d039b89468fd93905f028d4ae48f50b7\" style=\"margin-right:0;margin-left:0\">DI Gasell 2025<\/h3>\n\n\n\n<p style=\"margin-right:0;margin-left:0\">Presenteras f\u00f6r <strong>Microbus Electronic Service AB<\/strong><br>Utdelad av <strong><a href=\"https:\/\/www.di.se\/\" target=\"_blank\" rel=\"noopener\" title=\"\">Dagens Industri<\/a><\/strong><\/p>\n\n\n\n<p style=\"margin-right:0;margin-left:0\">Gasell Award delas ut till f\u00f6retag som visar:<\/p>\n\n\n\n<ul class=\"wp-block-list\">\n<li style=\"margin-right:0;margin-left:0\">Stark och uth\u00e5llig int\u00e4ktstillv\u00e4xt<\/li>\n\n\n\n<li style=\"margin-right:0;margin-left:0\">Sund ekonomisk f\u00f6rvaltning<\/li>\n\n\n\n<li style=\"margin-right:0;margin-left:0\">Stabila och sunda finanser<\/li>\n<\/ul>\n\n\n\n<p style=\"margin-right:0;margin-left:0\">Gasellutm\u00e4rkelsen bekr\u00e4ftar Microbus som ett av Sveriges snabbv\u00e4xande f\u00f6retag.<\/p>\n\n\n\n<p style=\"margin-right:0;margin-left:0\">Att verka i en bransch som utvecklas snabbt \u00e4r b\u00e5de ett privilegium och ett ansvar. Marknaden f\u00f6r LED-displayer forts\u00e4tter att expandera och vi \u00e4r stolta \u00f6ver att vara en del av att driva den utvecklingen fram\u00e5t.<\/p>\n<\/div>\n<\/div>\n<\/div>\n\n\n\n<div class=\"wp-block-group has-border-color has-foreground-background-color has-background has-global-padding is-layout-constrained wp-block-group-is-layout-constrained\" style=\"border-color:#354e78;border-top-left-radius:20px;border-top-right-radius:20px;border-bottom-left-radius:20px;border-bottom-right-radius:20px\">\n<div class=\"wp-block-columns is-layout-flex wp-container-core-columns-is-layout-28f84493 wp-block-columns-is-layout-flex\">\n<div class=\"wp-block-column is-layout-flow wp-block-column-is-layout-flow\">\n<div class=\"wp-block-columns is-layout-flex wp-container-core-columns-is-layout-28f84493 wp-block-columns-is-layout-flex\">\n<div class=\"wp-block-column is-layout-flow wp-block-column-is-layout-flow\">\n<figure class=\"wp-block-image aligncenter size-large\"><img loading=\"lazy\" decoding=\"async\" width=\"723\" height=\"1024\" src=\"https:\/\/microbus.com\/wp-content\/uploads\/2026\/02\/Arets-Foretagare-2021-1-723x1024.png\" alt=\"\u00c5rets F\u00f6retagare 2021 Pris\" class=\"wp-image-632\" srcset=\"https:\/\/microbus.com\/wp-content\/uploads\/2026\/02\/Arets-Foretagare-2021-1-723x1024.png 723w, https:\/\/microbus.com\/wp-content\/uploads\/2026\/02\/Arets-Foretagare-2021-1-212x300.png 212w, https:\/\/microbus.com\/wp-content\/uploads\/2026\/02\/Arets-Foretagare-2021-1-768x1088.png 768w, https:\/\/microbus.com\/wp-content\/uploads\/2026\/02\/Arets-Foretagare-2021-1-1085x1536.png 1085w, https:\/\/microbus.com\/wp-content\/uploads\/2026\/02\/Arets-Foretagare-2021-1-1446x2048.png 1446w, https:\/\/microbus.com\/wp-content\/uploads\/2026\/02\/Arets-Foretagare-2021-1-8x12.png 8w, https:\/\/microbus.com\/wp-content\/uploads\/2026\/02\/Arets-Foretagare-2021-1-scaled.png 1808w\" sizes=\"auto, (max-width: 723px) 100vw, 723px\" \/><\/figure>\n<\/div>\n\n\n\n<div class=\"wp-block-column is-layout-flow wp-block-column-is-layout-flow\">\n<figure class=\"wp-block-image aligncenter size-large is-resized\"><img loading=\"lazy\" decoding=\"async\" width=\"730\" height=\"1024\" src=\"https:\/\/microbus.com\/wp-content\/uploads\/2026\/02\/Arets-Foretagare-2021-Diplom-1-730x1024.png\" alt=\"\u00c5rets F\u00f6retagare 2021 Diplom\" class=\"wp-image-631\" style=\"width:auto;height:380px\" srcset=\"https:\/\/microbus.com\/wp-content\/uploads\/2026\/02\/Arets-Foretagare-2021-Diplom-1-730x1024.png 730w, https:\/\/microbus.com\/wp-content\/uploads\/2026\/02\/Arets-Foretagare-2021-Diplom-1-214x300.png 214w, https:\/\/microbus.com\/wp-content\/uploads\/2026\/02\/Arets-Foretagare-2021-Diplom-1-768x1077.png 768w, https:\/\/microbus.com\/wp-content\/uploads\/2026\/02\/Arets-Foretagare-2021-Diplom-1-1096x1536.png 1096w, https:\/\/microbus.com\/wp-content\/uploads\/2026\/02\/Arets-Foretagare-2021-Diplom-1-1461x2048.png 1461w, https:\/\/microbus.com\/wp-content\/uploads\/2026\/02\/Arets-Foretagare-2021-Diplom-1-9x12.png 9w, https:\/\/microbus.com\/wp-content\/uploads\/2026\/02\/Arets-Foretagare-2021-Diplom-1.png 1495w\" sizes=\"auto, (max-width: 730px) 100vw, 730px\" \/><\/figure>\n<\/div>\n<\/div>\n<\/div>\n\n\n\n<div class=\"wp-block-column is-layout-flow wp-block-column-is-layout-flow\">\n<h3 class=\"wp-block-heading has-custom-microbus-blue-color has-text-color has-link-color wp-elements-0eef45e19d2a7e51f0b5721d4c20868b\">\u00c5rets f\u00f6retagare 2021<\/h3>\n\n\n\n<p>Presenteras f\u00f6r <strong>Jan Niskala - Microbus Electronic Service AB<\/strong><br>Utdelad av <strong><a href=\"https:\/\/www.foretagarna.se\/\" target=\"_blank\" rel=\"noopener\" title=\"F\u00f6retagarna\">F\u00f6retagarna<\/a><\/strong><\/p>\n\n\n\n<p>\u00c5r 2021 uts\u00e5gs Jan Niskala, VD f\u00f6r Microbus Electronic Service AB, till <em>\u00c5rets entrepren\u00f6r<\/em> i Burl\u00f6vs kommun. Utm\u00e4rkelsen uppm\u00e4rksammades och firades formellt 2022.<\/p>\n<\/div>\n<\/div>\n<\/div>\n\n\n\n<div class=\"wp-block-group has-border-color has-foreground-background-color has-background has-global-padding is-layout-constrained wp-block-group-is-layout-constrained\" style=\"border-color:#354e78;border-top-left-radius:20px;border-top-right-radius:20px;border-bottom-left-radius:20px;border-bottom-right-radius:20px\">\n<div class=\"wp-block-columns is-layout-flex wp-container-core-columns-is-layout-28f84493 wp-block-columns-is-layout-flex\">\n<div class=\"wp-block-column is-layout-flow wp-block-column-is-layout-flow\">\n<div class=\"wp-block-columns is-layout-flex wp-container-core-columns-is-layout-28f84493 wp-block-columns-is-layout-flex\">\n<div class=\"wp-block-column is-layout-flow wp-block-column-is-layout-flow\">\n<figure class=\"wp-block-image aligncenter size-large is-resized\"><img loading=\"lazy\" decoding=\"async\" width=\"303\" height=\"1024\" src=\"https:\/\/microbus.com\/wp-content\/uploads\/2026\/02\/NovaStar-Distributor-of-the-Year-2022-303x1024.png\" alt=\"NovaStar Utm\u00e4rkelse f\u00f6r \u00e5rets distribut\u00f6r 2022\" class=\"wp-image-614\" style=\"width:auto;height:300px\" srcset=\"https:\/\/microbus.com\/wp-content\/uploads\/2026\/02\/NovaStar-Distributor-of-the-Year-2022-303x1024.png 303w, https:\/\/microbus.com\/wp-content\/uploads\/2026\/02\/NovaStar-Distributor-of-the-Year-2022-89x300.png 89w, https:\/\/microbus.com\/wp-content\/uploads\/2026\/02\/NovaStar-Distributor-of-the-Year-2022-768x2597.png 768w, https:\/\/microbus.com\/wp-content\/uploads\/2026\/02\/NovaStar-Distributor-of-the-Year-2022-454x1536.png 454w, https:\/\/microbus.com\/wp-content\/uploads\/2026\/02\/NovaStar-Distributor-of-the-Year-2022-606x2048.png 606w, https:\/\/microbus.com\/wp-content\/uploads\/2026\/02\/NovaStar-Distributor-of-the-Year-2022-scaled.png 757w\" sizes=\"auto, (max-width: 303px) 100vw, 303px\" \/><\/figure>\n<\/div>\n\n\n\n<div class=\"wp-block-column is-layout-flow wp-block-column-is-layout-flow\">\n<figure class=\"wp-block-image aligncenter size-large is-resized\"><img loading=\"lazy\" decoding=\"async\" width=\"756\" height=\"1024\" src=\"https:\/\/microbus.com\/wp-content\/uploads\/2026\/02\/NovaStar-Distributor-of-the-Year-2023-1-756x1024.png\" alt=\"\" class=\"wp-image-617\" style=\"width:auto;height:300px\" srcset=\"https:\/\/microbus.com\/wp-content\/uploads\/2026\/02\/NovaStar-Distributor-of-the-Year-2023-1-756x1024.png 756w, https:\/\/microbus.com\/wp-content\/uploads\/2026\/02\/NovaStar-Distributor-of-the-Year-2023-1-222x300.png 222w, https:\/\/microbus.com\/wp-content\/uploads\/2026\/02\/NovaStar-Distributor-of-the-Year-2023-1-768x1040.png 768w, https:\/\/microbus.com\/wp-content\/uploads\/2026\/02\/NovaStar-Distributor-of-the-Year-2023-1-1134x1536.png 1134w, https:\/\/microbus.com\/wp-content\/uploads\/2026\/02\/NovaStar-Distributor-of-the-Year-2023-1-1513x2048.png 1513w, https:\/\/microbus.com\/wp-content\/uploads\/2026\/02\/NovaStar-Distributor-of-the-Year-2023-1-9x12.png 9w, https:\/\/microbus.com\/wp-content\/uploads\/2026\/02\/NovaStar-Distributor-of-the-Year-2023-1-scaled.png 1891w\" sizes=\"auto, (max-width: 756px) 100vw, 756px\" \/><\/figure>\n<\/div>\n<\/div>\n\n\n\n<div class=\"wp-block-columns is-layout-flex wp-container-core-columns-is-layout-28f84493 wp-block-columns-is-layout-flex\">\n<div class=\"wp-block-column is-layout-flow wp-block-column-is-layout-flow\">\n<figure class=\"wp-block-image aligncenter size-large is-resized\"><img loading=\"lazy\" decoding=\"async\" width=\"379\" height=\"1024\" src=\"https:\/\/microbus.com\/wp-content\/uploads\/2026\/02\/NovaStar-Distributor-of-the-Year-2024-379x1024.png\" alt=\"NovaStar Utm\u00e4rkelse f\u00f6r \u00e5rets distribut\u00f6r 2024\" class=\"wp-image-616\" style=\"width:auto;height:300px\" srcset=\"https:\/\/microbus.com\/wp-content\/uploads\/2026\/02\/NovaStar-Distributor-of-the-Year-2024-379x1024.png 379w, https:\/\/microbus.com\/wp-content\/uploads\/2026\/02\/NovaStar-Distributor-of-the-Year-2024-111x300.png 111w, https:\/\/microbus.com\/wp-content\/uploads\/2026\/02\/NovaStar-Distributor-of-the-Year-2024-768x2077.png 768w, https:\/\/microbus.com\/wp-content\/uploads\/2026\/02\/NovaStar-Distributor-of-the-Year-2024-568x1536.png 568w, https:\/\/microbus.com\/wp-content\/uploads\/2026\/02\/NovaStar-Distributor-of-the-Year-2024-757x2048.png 757w, https:\/\/microbus.com\/wp-content\/uploads\/2026\/02\/NovaStar-Distributor-of-the-Year-2024-4x12.png 4w, https:\/\/microbus.com\/wp-content\/uploads\/2026\/02\/NovaStar-Distributor-of-the-Year-2024-scaled.png 947w\" sizes=\"auto, (max-width: 379px) 100vw, 379px\" \/><\/figure>\n<\/div>\n\n\n\n<div class=\"wp-block-column is-layout-flow wp-block-column-is-layout-flow\">\n<figure class=\"wp-block-image aligncenter size-large is-resized\"><img loading=\"lazy\" decoding=\"async\" width=\"987\" height=\"1024\" src=\"https:\/\/microbus.com\/wp-content\/uploads\/2026\/03\/NovaStar-Distributor-of-the-Year-2025-987x1024.png\" alt=\"NovaStar Utm\u00e4rkelse f\u00f6r \u00e5rets distribut\u00f6r 2025\" class=\"wp-image-635\" style=\"width:auto;height:300px\" srcset=\"https:\/\/microbus.com\/wp-content\/uploads\/2026\/03\/NovaStar-Distributor-of-the-Year-2025-987x1024.png 987w, https:\/\/microbus.com\/wp-content\/uploads\/2026\/03\/NovaStar-Distributor-of-the-Year-2025-289x300.png 289w, https:\/\/microbus.com\/wp-content\/uploads\/2026\/03\/NovaStar-Distributor-of-the-Year-2025-768x797.png 768w, https:\/\/microbus.com\/wp-content\/uploads\/2026\/03\/NovaStar-Distributor-of-the-Year-2025-1480x1536.png 1480w, https:\/\/microbus.com\/wp-content\/uploads\/2026\/03\/NovaStar-Distributor-of-the-Year-2025-1973x2048.png 1973w, https:\/\/microbus.com\/wp-content\/uploads\/2026\/03\/NovaStar-Distributor-of-the-Year-2025-12x12.png 12w\" sizes=\"auto, (max-width: 987px) 100vw, 987px\" \/><\/figure>\n<\/div>\n<\/div>\n<\/div>\n\n\n\n<div class=\"wp-block-column is-layout-flow wp-block-column-is-layout-flow\">\n<h3 class=\"wp-block-heading has-custom-microbus-blue-color has-text-color has-link-color wp-elements-f4cb9a1ccdc98be20acfb0174d5821ff\">\u00c5rets distribut\u00f6r<\/h3>\n\n\n\n<p>Presenteras f\u00f6r <strong>Microbus Electronic Service AB<\/strong><br>Utdelad av <strong><a href=\"https:\/\/novastar.tech\/\" target=\"_blank\" rel=\"noopener\" title=\"\">Xi'an Nova Star Tech Co., Ltd.<\/a><\/strong><\/p>\n\n\n\n<p>Microbus har uppm\u00e4rksammats som <strong>\u00c5rets distribut\u00f6r<\/strong> av NovaStar under tre \u00e5r i f\u00f6ljd:<\/p>\n\n\n\n<ul class=\"wp-block-list\">\n<li><strong>2022 - \u00c5rets distribut\u00f6r<\/strong><\/li>\n\n\n\n<li><strong>2023 - \u00c5rets distribut\u00f6r<\/strong><\/li>\n\n\n\n<li><strong>2024 - \u00c5rets distribut\u00f6r<\/strong><\/li>\n\n\n\n<li><strong>2025 - \u00c5rets distribut\u00f6r<\/strong><\/li>\n<\/ul>\n\n\n\n<p>Dessa utm\u00e4rkelser \u00e4r ett erk\u00e4nnande av v\u00e5r expertis, tekniska kompetens, kundsupport och fortsatta tillv\u00e4xt inom avancerad LED-displayteknik. Att vi f\u00e5r utm\u00e4rkelsen flera \u00e5r i rad visar p\u00e5 v\u00e5rt starka partnerskap och v\u00e5rt engagemang f\u00f6r att leverera h\u00f6gpresterande displayl\u00f6sningar.<\/p>\n<\/div>\n<\/div>\n<\/div>\n\n\n\n<div class=\"wp-block-group has-border-color has-foreground-background-color has-background has-global-padding is-layout-constrained wp-block-group-is-layout-constrained\" style=\"border-color:#354e78;border-top-left-radius:20px;border-top-right-radius:20px;border-bottom-left-radius:20px;border-bottom-right-radius:20px\">\n<div class=\"wp-block-columns is-layout-flex wp-container-core-columns-is-layout-28f84493 wp-block-columns-is-layout-flex\">\n<div class=\"wp-block-column is-layout-flow wp-block-column-is-layout-flow\">\n<figure class=\"wp-block-image aligncenter size-large is-resized\"><img loading=\"lazy\" decoding=\"async\" width=\"384\" height=\"1024\" src=\"https:\/\/microbus.com\/wp-content\/uploads\/2026\/02\/Unilumin-Best-Growth-Award-384x1024.png\" alt=\"Unilumin pris f\u00f6r b\u00e4sta tillv\u00e4xt\" class=\"wp-image-620\" style=\"width:auto;height:380px\" srcset=\"https:\/\/microbus.com\/wp-content\/uploads\/2026\/02\/Unilumin-Best-Growth-Award-384x1024.png 384w, https:\/\/microbus.com\/wp-content\/uploads\/2026\/02\/Unilumin-Best-Growth-Award-112x300.png 112w, https:\/\/microbus.com\/wp-content\/uploads\/2026\/02\/Unilumin-Best-Growth-Award-768x2048.png 768w, https:\/\/microbus.com\/wp-content\/uploads\/2026\/02\/Unilumin-Best-Growth-Award-576x1536.png 576w, https:\/\/microbus.com\/wp-content\/uploads\/2026\/02\/Unilumin-Best-Growth-Award-4x12.png 4w, https:\/\/microbus.com\/wp-content\/uploads\/2026\/02\/Unilumin-Best-Growth-Award-scaled.png 960w\" sizes=\"auto, (max-width: 384px) 100vw, 384px\" \/><\/figure>\n<\/div>\n\n\n\n<div class=\"wp-block-column is-layout-flow wp-block-column-is-layout-flow\">\n<h3 class=\"wp-block-heading has-custom-microbus-blue-color has-text-color has-link-color wp-elements-ce5b258a087902393ee73bad88a355fa\">Pris f\u00f6r b\u00e4sta tillv\u00e4xt<\/h3>\n\n\n\n<p>Presenteras f\u00f6r <strong>Microbus Electronic Service AB<\/strong><br>Utdelad av <strong><a href=\"https:\/\/www.unilumin.com\/\" target=\"_blank\" rel=\"noopener\" title=\"\">Unilumin<\/a><\/strong><\/p>\n\n\n\n<p>Microbus hade \u00e4ran att ta emot <strong>Pris f\u00f6r b\u00e4sta tillv\u00e4xt<\/strong> fr\u00e5n Unilumin - en utm\u00e4rkelse vi \u00e4r b\u00e5de stolta och tacksamma \u00f6ver att ha f\u00e5tt.<\/p>\n\n\n\n<p>Detta pris \u00e4r ett meningsfullt erk\u00e4nnande av det arbete som vi har lagt ner under de senaste \u00e5ren och av det starka partnerskap som vi har byggt upp tillsammans med Unilumin. Vi har stort f\u00f6rtroende f\u00f6r deras produkter och v\u00e4rdes\u00e4tter verkligen det n\u00e4ra och professionella samarbetet mellan v\u00e5ra team.<\/p>\n<\/div>\n<\/div>\n<\/div>\n\n\n\n<p><\/p>","protected":false},"excerpt":{"rendered":"<p>At Microbus Electronic Service AB, we are proud that our work, leadership, and long-term commitment to quality have been recognized both locally and internationally. These recognitions reflect not only business performance, but also innovation, responsibility, and dedication to our industry. Below is a selection of awards and distinctions received by Microbus and our leadership. DI [&hellip;]<\/p>\n","protected":false},"author":1,"featured_media":0,"parent":0,"menu_order":0,"comment_status":"closed","ping_status":"closed","template":"page-with-title","meta":{"_monsterinsights_skip_tracking":false,"_monsterinsights_sitenote_active":false,"_monsterinsights_sitenote_note":"","_monsterinsights_sitenote_category":0,"footnotes":""},"class_list":["post-611","page","type-page","status-publish","hentry"],"aioseo_notices":[],"_links":{"self":[{"href":"https:\/\/microbus.com\/sv\/wp-json\/wp\/v2\/pages\/611","targetHints":{"allow":["GET"]}}],"collection":[{"href":"https:\/\/microbus.com\/sv\/wp-json\/wp\/v2\/pages"}],"about":[{"href":"https:\/\/microbus.com\/sv\/wp-json\/wp\/v2\/types\/page"}],"author":[{"embeddable":true,"href":"https:\/\/microbus.com\/sv\/wp-json\/wp\/v2\/users\/1"}],"replies":[{"embeddable":true,"href":"https:\/\/microbus.com\/sv\/wp-json\/wp\/v2\/comments?post=611"}],"version-history":[{"count":10,"href":"https:\/\/microbus.com\/sv\/wp-json\/wp\/v2\/pages\/611\/revisions"}],"predecessor-version":[{"id":637,"href":"https:\/\/microbus.com\/sv\/wp-json\/wp\/v2\/pages\/611\/revisions\/637"}],"wp:attachment":[{"href":"https:\/\/microbus.com\/sv\/wp-json\/wp\/v2\/media?parent=611"}],"curies":[{"name":"wp","href":"https:\/\/api.w.org\/{rel}","templated":true}]}}