{"id":527,"date":"2026-02-20T19:24:55","date_gmt":"2026-02-20T18:24:55","guid":{"rendered":"https:\/\/microbus.com\/?page_id=527"},"modified":"2026-02-23T10:04:51","modified_gmt":"2026-02-23T09:04:51","slug":"microbus-gdpr-policy","status":"publish","type":"page","link":"https:\/\/microbus.com\/sv\/microbus-gdpr-policy\/","title":{"rendered":"Microbus GDPR-policy"},"content":{"rendered":"<h3 class=\"wp-block-heading has-custom-microbus-blue-color has-text-color has-link-color wp-elements-6456d2c63727c8ba2891cf2d48a87989\">Allm\u00e4nt<\/h3>\n\n\n\n<p>Denna policy beskriver hur Microbus Electronic Service AB (organisationsnummer 556235-7151), nedan kallat \u201cMicrobus\u201d, behandlar dina personuppgifter.<\/p>\n\n\n\n<p>Genom denna integritetspolicy vill vi visa hur vi s\u00e4kerst\u00e4ller att dina personuppgifter hanteras i enlighet med g\u00e4llande dataskyddslagstiftning, s\u00e5 att du kan k\u00e4nna dig trygg n\u00e4r du l\u00e4mnar dina f\u00f6retags- och personuppgifter till oss.<\/p>\n\n\n\n<hr class=\"wp-block-separator has-alpha-channel-opacity\"\/>\n\n\n\n<h3 class=\"wp-block-heading has-custom-microbus-blue-color has-text-color has-link-color wp-elements-e3160d91b82e1d5312160b47d0926d01\">Personuppgiftsansvarig<\/h3>\n\n\n\n<p>Microbus \u00e4r personuppgiftsansvarig f\u00f6r behandlingen av dina personuppgifter och ansvarar f\u00f6r att s\u00e5dan behandling sker i enlighet med till\u00e4mplig lagstiftning.<\/p>\n\n\n\n<hr class=\"wp-block-separator has-alpha-channel-opacity\"\/>\n\n\n\n<h3 class=\"wp-block-heading has-custom-microbus-blue-color has-text-color has-link-color wp-elements-bed31514224bc7062658cc087000e925\">Insamling av information<\/h3>\n\n\n\n<p>F\u00f6r att du ska kunna k\u00f6pa v\u00e5ra varor eller tj\u00e4nster, eller kontakta oss f\u00f6r service, support eller information, beh\u00f6ver vi samla in och behandla vissa personuppgifter.<\/p>\n\n\n\n<p>Vi samlar in information fr\u00e5n dig n\u00e4r du:<\/p>\n\n\n\n<ul class=\"wp-block-list\">\n<li>Best\u00e4llning av produkter eller tj\u00e4nster via v\u00e5ra webbplatser<\/li>\n\n\n\n<li>Kontakta oss via kontaktformul\u00e4r<\/li>\n\n\n\n<li>Prenumerera p\u00e5 v\u00e5rt nyhetsbrev<\/li>\n<\/ul>\n\n\n\n<p>Den information som samlas in n\u00e4r du best\u00e4ller produkter eller tj\u00e4nster inkluderar:<\/p>\n\n\n\n<ul class=\"wp-block-list\">\n<li>Namn<\/li>\n\n\n\n<li>E-postadress<\/li>\n\n\n\n<li>Telefonnummer<\/li>\n\n\n\n<li>F\u00f6retagets registreringsnummer<\/li>\n\n\n\n<li>Adressuppgifter f\u00f6r f\u00f6retaget<\/li>\n<\/ul>\n\n\n\n<p>N\u00e4r du prenumererar p\u00e5 nyhetsbrev eller anv\u00e4nder kontaktformul\u00e4r lagrar vi din e-postadress och ditt namn (om du har angett det).<\/p>\n\n\n\n<hr class=\"wp-block-separator has-alpha-channel-opacity\"\/>\n\n\n\n<h3 class=\"wp-block-heading has-custom-microbus-blue-color has-text-color has-link-color wp-elements-635a616abf95668c30a938d890a1c7e7\">Anv\u00e4ndning av information<\/h3>\n\n\n\n<p>Microbus behandlar dina personuppgifter f\u00f6r olika \u00e4ndam\u00e5l, fr\u00e4mst f\u00f6r att:<\/p>\n\n\n\n<ul class=\"wp-block-list\">\n<li>Uppfylla v\u00e5ra skyldigheter gentemot dig som kund (t.ex. k\u00f6p, prenumerationer, fakturering, support)<\/li>\n\n\n\n<li>Tillhandah\u00e5lla kundservice och svara p\u00e5 fr\u00e5gor<\/li>\n\n\n\n<li>Tillhandah\u00e5lla operativ information och information via post, e-post eller telefon om Microbus och utvalda partners<\/li>\n\n\n\n<li>F\u00f6rb\u00e4ttra v\u00e5ra erbjudanden (produkter, tj\u00e4nster, funktioner)<\/li>\n\n\n\n<li>F\u00f6rebygga bedr\u00e4gerier och bedriva riskhantering<\/li>\n\n\n\n<li>F\u00f6lja till\u00e4mpliga lagar (t.ex. redovisningslagar)<\/li>\n\n\n\n<li>Genomf\u00f6ra marknadsanalyser, kundanalyser, statistik och aff\u00e4rsutveckling<\/li>\n<\/ul>\n\n\n\n<hr class=\"wp-block-separator has-alpha-channel-opacity\"\/>\n\n\n\n<h3 class=\"wp-block-heading has-custom-microbus-blue-color has-text-color has-link-color wp-elements-59704310c8d965f5935d1b142e013fd0\">R\u00e4ttslig grund f\u00f6r behandling<\/h3>\n\n\n\n<h4 class=\"wp-block-heading has-custom-microbus-blue-color has-text-color has-link-color wp-elements-cbd035b71ba81481175179f7ac614c8a\">Syfte 1: Administrera, utveckla och leverera varor och tj\u00e4nster samt ge st\u00f6d<\/h4>\n\n\n\n<p><strong>R\u00e4ttslig grund:<\/strong><br>Fullg\u00f6rande av avtal (f\u00f6rs\u00e4ljningsvillkor och, i f\u00f6rekommande fall, abonnemangsvillkor)<\/p>\n\n\n\n<p><strong>Lagrade personuppgifter:<\/strong><br>Kontaktnamn, f\u00f6retagsnamn, organisationsnummer, adress, telefonnummer, e-postadress.<\/p>\n\n\n\n<hr class=\"wp-block-separator has-alpha-channel-opacity\"\/>\n\n\n\n<h4 class=\"wp-block-heading has-custom-microbus-blue-color has-text-color has-link-color wp-elements-949fddd52c1c98b61cdccea576f01bcb\">Syfte 2: Efterlevnad av svensk lagstiftning (t.ex. redovisningslagen)<\/h4>\n\n\n\n<p><strong>R\u00e4ttslig grund:<\/strong><br>R\u00e4ttslig skyldighet<\/p>\n\n\n\n<p><strong>Lagrade personuppgifter:<\/strong><br>Kontaktnamn, f\u00f6retagsnamn, organisationsnummer, adress, telefonnummer, e-postadress.<\/p>\n\n\n\n<hr class=\"wp-block-separator has-alpha-channel-opacity\"\/>\n\n\n\n<h4 class=\"wp-block-heading has-custom-microbus-blue-color has-text-color has-link-color wp-elements-98fdf93f636a96daebcbbee23637ba27\">Syfte 3: Operativ information och kommunikation om Microbus och v\u00e5ra partners via post, e-post eller telefon<\/h4>\n\n\n\n<p><strong>R\u00e4ttslig grund:<\/strong><br>Ber\u00e4ttigat intresse<\/p>\n\n\n\n<p><strong>Lagrade personuppgifter:<\/strong><br>Kontaktnamn, f\u00f6retagsnamn, organisationsnummer, adress, telefonnummer, e-postadress.<\/p>\n\n\n\n<hr class=\"wp-block-separator has-alpha-channel-opacity\"\/>\n\n\n\n<h3 class=\"wp-block-heading has-custom-microbus-blue-color has-text-color has-link-color wp-elements-0b88a50550f269b1bad9d7742b3ce1c4\">Lagring av data<\/h3>\n\n\n\n<p>Dina personuppgifter lagras endast s\u00e5 l\u00e4nge som det \u00e4r n\u00f6dv\u00e4ndigt f\u00f6r att uppfylla de syften f\u00f6r vilka de samlades in, i enlighet med denna integritetspolicy.<\/p>\n\n\n\n<p>Microbus kan komma att beh\u00e5lla uppgifterna l\u00e4ngre om det kr\u00e4vs enligt svensk lag eller om det \u00e4r n\u00f6dv\u00e4ndigt f\u00f6r att tillvarata r\u00e4ttsliga intressen.<\/p>\n\n\n\n<hr class=\"wp-block-separator has-alpha-channel-opacity\"\/>\n\n\n\n<h3 class=\"wp-block-heading has-custom-microbus-blue-color has-text-color has-link-color wp-elements-bd3d4c1f4d6a00dc5d20fb74925ab38b\">Utl\u00e4mnande till tredje part<\/h3>\n\n\n\n<p>Vi s\u00e4ljer, byter eller p\u00e5 annat s\u00e4tt \u00f6verf\u00f6r inte personligt identifierbar information till utomst\u00e5ende parter.<\/p>\n\n\n\n<p>Betrodda tredje parter som hj\u00e4lper oss att driva v\u00e5r webbplats (hostingleverant\u00f6rer), driva v\u00e5r verksamhet (revisorer, redovisningsbyr\u00e5er) och officiella partners som betalningsleverant\u00f6rer, fraktsystem och aff\u00e4rssystem kan f\u00e5 information n\u00e4r det \u00e4r n\u00f6dv\u00e4ndigt f\u00f6r att uppfylla avtalsf\u00f6rpliktelser.<\/p>\n\n\n\n<p>Vi kan ocks\u00e5 dela information om det \u00e4r n\u00f6dv\u00e4ndigt f\u00f6r att utreda, f\u00f6rhindra eller vidta \u00e5tg\u00e4rder avseende olagliga aktiviteter, misst\u00e4nkt bedr\u00e4geri, hot mot fysisk s\u00e4kerhet, brott mot v\u00e5ra anv\u00e4ndarvillkor eller n\u00e4r det kr\u00e4vs enligt lag.<\/p>\n\n\n\n<hr class=\"wp-block-separator has-alpha-channel-opacity\"\/>\n\n\n\n<h3 class=\"wp-block-heading has-custom-microbus-blue-color has-text-color has-link-color wp-elements-55c522da31cb66361485ce4e3366c86e\">S\u00e4kerhet &amp; informationsskydd<\/h3>\n\n\n\n<p>Vi genomf\u00f6r olika s\u00e4kerhets\u00e5tg\u00e4rder f\u00f6r att skydda dina personuppgifter. K\u00e4nsliga uppgifter som \u00f6verf\u00f6rs online skyddas med hj\u00e4lp av kryptering.<\/p>\n\n\n\n<p>Endast medarbetare som beh\u00f6ver tillg\u00e5ng till personuppgifter f\u00f6r att utf\u00f6ra specifika arbetsuppgifter (t.ex. fakturering, kundtj\u00e4nst) ges tillg\u00e5ng. Servrar och system som lagrar personuppgifter finns i s\u00e4kra milj\u00f6er i Sverige.<\/p>\n\n\n\n<h3 class=\"wp-block-heading has-custom-microbus-blue-color has-text-color has-link-color wp-elements-8a1b0578f6fbfc06b5bc9e3a74aa7967\">Intern e-post<\/h3>\n\n\n\n<p>All e-postkorrespondens tillh\u00f6r f\u00f6retaget och kan n\u00e5s av beh\u00f6riga IT-administrat\u00f6rer och s\u00e4kerhetspersonal som ett led i arbetet med att skydda f\u00f6retaget mot datast\u00f6ld, dataf\u00f6rlust, ransomware, virus och andra IT-s\u00e4kerhetshot.<\/p>\n\n\n\n<hr class=\"wp-block-separator has-alpha-channel-opacity\"\/>\n\n\n\n<h3 class=\"wp-block-heading has-custom-microbus-blue-color has-text-color has-link-color wp-elements-d2f0ada8388b83f6d08c338f1adfe20b\">Kakor<\/h3>\n\n\n\n<p>Ja, vi anv\u00e4nder cookies.<\/p>\n\n\n\n<p>Cookies f\u00f6rb\u00e4ttrar tillg\u00e5ngen till v\u00e5r webbplats och identifierar \u00e5terkommande bes\u00f6kare. De f\u00f6rb\u00e4ttrar anv\u00e4ndarupplevelsen genom att sp\u00e5ra och rikta in sig p\u00e5 anv\u00e4ndarnas intressen.<\/p>\n\n\n\n<p>V\u00e5r anv\u00e4ndning av cookies \u00e4r inte kopplad till personligt identifierbar information.<\/p>\n\n\n\n<hr class=\"wp-block-separator has-alpha-channel-opacity\"\/>\n\n\n\n<h3 class=\"wp-block-heading has-custom-microbus-blue-color has-text-color has-link-color wp-elements-7d7f4dc39c31b313853d4c4f9df4fc73\">Dina r\u00e4ttigheter<\/h3>\n\n\n\n<p>Som registrerad person hos Microbus AB har du f\u00f6ljande r\u00e4ttigheter:<\/p>\n\n\n\n<ul class=\"wp-block-list\">\n<li>R\u00e4tt att f\u00e5 information om hur vi behandlar dina personuppgifter<\/li>\n\n\n\n<li>R\u00e4tt att beg\u00e4ra ett datautdrag en g\u00e5ng per \u00e5r<\/li>\n\n\n\n<li>R\u00e4tt att beg\u00e4ra r\u00e4ttelse av felaktiga uppgifter<\/li>\n\n\n\n<li>R\u00e4tt till radering under vissa f\u00f6ruts\u00e4ttningar:\n<ul class=\"wp-block-list\">\n<li>Uppgifterna \u00e4r inte l\u00e4ngre n\u00f6dv\u00e4ndiga<\/li>\n\n\n\n<li>Du \u00e5terkallar ditt samtycke<\/li>\n\n\n\n<li>Behandlingen baseras p\u00e5 ett ber\u00e4ttigat intresse och ditt intresse v\u00e4ger tyngre \u00e4n v\u00e5rt<\/li>\n\n\n\n<li>Uppgifterna har behandlats p\u00e5 ett olagligt s\u00e4tt<\/li>\n\n\n\n<li>Du inv\u00e4nder mot direktmarknadsf\u00f6ring<\/li>\n<\/ul>\n<\/li>\n<\/ul>\n\n\n\n<p>R\u00e4tten till radering g\u00e4ller inte om vi \u00e4r juridiskt skyldiga att beh\u00e5lla uppgifterna (t.ex. bokf\u00f6ringslagar).<\/p>\n\n\n\n<p>Du har ocks\u00e5..:<\/p>\n\n\n\n<ul class=\"wp-block-list\">\n<li>R\u00e4tt till dataportabilitet (om behandlingen grundar sig p\u00e5 samtycke eller avtal)<\/li>\n\n\n\n<li>R\u00e4tt att beg\u00e4ra begr\u00e4nsning av behandling<\/li>\n\n\n\n<li>R\u00e4tt att inv\u00e4nda mot behandling<\/li>\n\n\n\n<li>R\u00e4tt att l\u00e4mna in klagom\u00e5l till Integritetsskyddsmyndigheten (Integritetsskyddsmyndigheten)<\/li>\n<\/ul>\n\n\n\n<p>F\u00f6r att ut\u00f6va dina r\u00e4ttigheter, kontakta oss p\u00e5<\/p>\n\n\n\n<p>Telefon: +46 40 53 96 80 +46 40 53 96 80<br>E-post: <a href=\"mailto:info@microbusgroup.se\" title=\"\">info@MicrobusGroup.se<\/a><\/p>\n\n\n\n<hr class=\"wp-block-separator has-alpha-channel-opacity\"\/>\n\n\n\n<h3 class=\"wp-block-heading has-custom-microbus-blue-color has-text-color has-link-color wp-elements-10eedc2bca5e44cefce00b4c2416b7f3\">Avsluta prenumeration<\/h3>\n\n\n\n<p>Vi anv\u00e4nder din e-postadress f\u00f6r att skicka information relaterad till dina best\u00e4llningar, nyhetsbrev och produktuppdateringar.<\/p>\n\n\n\n<p>Om du inte l\u00e4ngre vill ta emot s\u00e5dan kommunikation finns instruktioner f\u00f6r att avsluta prenumerationen l\u00e4ngst ned i varje nyhetsbrev.<\/p>\n\n\n\n<hr class=\"wp-block-separator has-alpha-channel-opacity\"\/>\n\n\n\n<h3 class=\"wp-block-heading has-custom-microbus-blue-color has-text-color has-link-color wp-elements-4b71dad54c55e346961f4427a097e390\">\u00c4ndringar av denna policy<\/h3>\n\n\n\n<p>Microbus f\u00f6rbeh\u00e5ller sig r\u00e4tten att \u00e4ndra eller uppdatera denna integritetspolicy vid behov.<\/p>\n\n\n\n<hr class=\"wp-block-separator has-alpha-channel-opacity\"\/>\n\n\n\n<h3 class=\"wp-block-heading has-custom-microbus-blue-color has-text-color has-link-color wp-elements-a69b907a7b2e16f5512adcbbb40342fb\">Aktiviteter f\u00f6r behandling av personuppgifter<\/h3>\n\n\n\n<figure class=\"wp-block-table\"><table class=\"has-fixed-layout\"><thead><tr><th>Aktivitet f\u00f6r behandling av personuppgifter<\/th><th>\u00c4ndam\u00e5let med behandlingen<\/th><th>Kategorier av personuppgifter<\/th><th>Kategorier av registrerade<\/th><th>R\u00e4ttslig grund<\/th><th>Bevarandetid<\/th><\/tr><\/thead><tbody><tr><td>K\u00f6p av produkt eller tj\u00e4nst via v\u00e5ra kanaler\/kundfordringar<\/td><td>Leverera produkten\/tj\u00e4nsten<\/td><td>Kontaktuppgifter, adress och faktureringsinformation<\/td><td>Kunder<\/td><td>Kontrakt<\/td><td>Avtalstid + 5 \u00e5r<\/td><\/tr><tr><td>Test av produkt\/tj\u00e4nst (Demo)<\/td><td>Uppf\u00f6ljning av produkttester<\/td><td>Kontaktuppgifter<\/td><td>Potentiella kunder<\/td><td>Ber\u00e4ttigat intresse<\/td><td>5 \u00e5r<\/td><\/tr><tr><td>Bes\u00f6k p\u00e5 webbplatsen<\/td><td>Analys och uppf\u00f6ljning<\/td><td>Cookies, IP-adress<\/td><td>Bes\u00f6kare p\u00e5 webbplatsen<\/td><td>Ber\u00e4ttigat intresse<\/td><td>5 \u00e5r<\/td><\/tr><tr><td>Registrering f\u00f6r kostnadsfria tj\u00e4nster (seminarier, webbseminarier)<\/td><td>Leverera tj\u00e4nsten<\/td><td>Kontaktuppgifter<\/td><td>Kunder, Potentiella kunder<\/td><td>Kontrakt<\/td><td>Avtalstid + 5 \u00e5r<\/td><\/tr><tr><td>Direktmarknadsf\u00f6ring<\/td><td>Erbjuda varor\/tj\u00e4nster<\/td><td>Kontaktuppgifter<\/td><td>Kunder, Potentiella kunder<\/td><td>Ber\u00e4ttigat intresse<\/td><td>5 \u00e5r efter avtalets upph\u00f6rande<\/td><\/tr><tr><td>Arbetss\u00f6kande (specifik befattning)<\/td><td>Utv\u00e4rdera och v\u00e4lja l\u00e4mplig kandidat<\/td><td>Allm\u00e4n, anst\u00e4llningsrelaterad, prestationsrelaterad, identitetsrelaterad data<\/td><td>Jobbs\u00f6kande<\/td><td>Ber\u00e4ttigat intresse<\/td><td>Rekryteringsprocess + ytterligare 3 \u00e5r<\/td><\/tr><tr><td>Leverant\u00f6rsskulder (leverant\u00f6rer)<\/td><td>K\u00f6pa varor\/tj\u00e4nster<\/td><td>Faktureringsinformation<\/td><td>Leverant\u00f6rer<\/td><td>Avtal + R\u00e4ttslig f\u00f6rpliktelse<\/td><td>10 \u00e5r<\/td><\/tr><tr><td>Kund\u00e4renden \/ Support<\/td><td>Loggning av \u00e4rendehantering<\/td><td>Kund- och kontaktuppgifter<\/td><td>Kunder<\/td><td>Kontrakt<\/td><td>Avtalstid + 5 \u00e5r<\/td><\/tr><tr><td>Kontakt via telefon eller chatt<\/td><td>Dokumentation och uppf\u00f6ljning<\/td><td>Kontaktuppgifter, samtalsinspelningar<\/td><td>Alla kategorier<\/td><td>Ber\u00e4ttigat intresse + Avtal<\/td><td>5 \u00e5r<\/td><\/tr><tr><td>Kontakt via e-post eller sociala medier<\/td><td>Dokumentation och uppf\u00f6ljning<\/td><td>Kontaktuppgifter<\/td><td>Alla kategorier<\/td><td>Avtal + Ber\u00e4ttigat intresse<\/td><td>5 \u00e5r<\/td><\/tr><tr><td>Datalagring i molnet<\/td><td>Lagra uppgifter f\u00f6r den personuppgiftsansvariges r\u00e4kning<\/td><td>Alla kategorier av personuppgifter<\/td><td>Kunder<\/td><td>Kontrakt<\/td><td>Avtalstid + 5 \u00e5r<\/td><\/tr><tr><td>S\u00e4kerhetskopiering av lagrad moln-\/lokal data (krypterad, begr\u00e4nsad \u00e5tkomst)<\/td><td>S\u00e4kerst\u00e4lla datatillg\u00e4nglighet i h\u00e4ndelse av f\u00f6rlust<\/td><td>Alla kategorier av personuppgifter<\/td><td>Kunder<\/td><td>Ber\u00e4ttigat intresse<\/td><td>Upp till 25 m\u00e5nader efter radering fr\u00e5n systemet<\/td><\/tr><tr><td>Program- och tj\u00e4nsteforum<\/td><td>Support och sj\u00e4lvbetj\u00e4ning<\/td><td>Kontaktuppgifter<\/td><td>Kunder, Potentiella kunder<\/td><td>Avtal + Ber\u00e4ttigat intresse<\/td><td>5 \u00e5r<\/td><\/tr><tr><td>Allergimeddelanden<\/td><td>S\u00e4kerst\u00e4lla s\u00e4kerhet avseende kostbegr\u00e4nsningar<\/td><td>H\u00e4lsodata<\/td><td>Kunder<\/td><td>Skydd av vitala intressen<\/td><td>Avtalsperiod + 30 dagar<\/td><\/tr><tr><td>Microbus Registrering av konto<\/td><td>Skapa konto f\u00f6r att f\u00e5 tillg\u00e5ng till tj\u00e4nster<\/td><td>E-postadress, inloggningsuppgifter, kontaktuppgifter<\/td><td>Kunder<\/td><td>Kontrakt<\/td><td>Avtalstid + 5 \u00e5r<\/td><\/tr><tr><td>Adressuttag f\u00f6r direktreklam<\/td><td>Marknadsf\u00f6ring<\/td><td>Adressuppgifter<\/td><td>Potentiella kunder<\/td><td>Ber\u00e4ttigat intresse<\/td><td>90 dagar<\/td><\/tr><tr><td>Registrering av nyhetsbrev<\/td><td>Leverera tj\u00e4nster<\/td><td>E-postadress<\/td><td>Kunder<\/td><td>Kontrakt<\/td><td>Avtalstid + 5 \u00e5r<\/td><\/tr><tr><td>\u00d6verf\u00f6ring av kundregister<\/td><td>St\u00f6d<\/td><td>Data som ing\u00e5r i programvara\/program<\/td><td>Kunder<\/td><td>Kontrakt<\/td><td>Medan \u00e4rendet \u00e4r \u00f6ppet + 12 m\u00e5nader<\/td><\/tr><tr><td>Fj\u00e4rr\u00e5tkomst till kundens dator<\/td><td>St\u00f6d<\/td><td>Data som ing\u00e5r i programvara\/program<\/td><td>Kunder<\/td><td>Kontrakt<\/td><td>1-30 dagar<\/td><\/tr><tr><td>Register \u00f6ver personuppgiftsbitr\u00e4desavtal<\/td><td>Efterlevnad av GDPR<\/td><td>Kunddata<\/td><td>Kunder<\/td><td>R\u00e4ttslig skyldighet<\/td><td>Avtalstid + 5 \u00e5r<\/td><\/tr><tr><td>Register \u00f6ver beg\u00e4ran om GDPR-r\u00e4ttigheter<\/td><td>S\u00e4kerst\u00e4lla efterlevnad av tidsfrister f\u00f6r GDPR<\/td><td>Namn, kundnummer<\/td><td>Kunder<\/td><td>R\u00e4ttslig skyldighet<\/td><td>10 \u00e5r<\/td><\/tr><tr><td>Register \u00f6ver potentiella kunder<\/td><td>Lagra kontaktuppgifter till intresserade parter<\/td><td>Kontaktuppgifter<\/td><td>Potentiella kunder<\/td><td>Ber\u00e4ttigat intresse<\/td><td>5 \u00e5r<\/td><\/tr><tr><td>Hantering av personuppgiftsincidenter<\/td><td>Registerh\u00e5llning f\u00f6r ber\u00f6rda personer<\/td><td>Alla kategorier av personuppgifter<\/td><td>Alla kategorier<\/td><td>R\u00e4ttslig skyldighet<\/td><td>10 \u00e5r<\/td><\/tr><tr><td>Foton, video- och ljudupptagningar av kunder<\/td><td>Marknadsf\u00f6ring av produkter\/tj\u00e4nster<\/td><td>Allm\u00e4nna och kompletterande personuppgifter<\/td><td>Kunder<\/td><td>Samtycke + Ber\u00e4ttigat intresse<\/td><td>Under aktiv marknadsf\u00f6ring eller tills samtycke \u00e5terkallas<\/td><\/tr><tr><td>Register \u00f6ver samtycke (foto\/video\/audio)<\/td><td>S\u00e4kerst\u00e4lla r\u00e4ttslig grund f\u00f6r behandling<\/td><td>Allm\u00e4nna uppgifter<\/td><td>Kunder<\/td><td>Samtycke<\/td><td>Under aktiv marknadsf\u00f6ring eller tills samtycke \u00e5terkallas<\/td><\/tr><\/tbody><\/table><\/figure>\n\n\n\n<hr class=\"wp-block-separator has-alpha-channel-opacity\"\/>\n\n\n\n<h3 class=\"wp-block-heading has-custom-microbus-blue-color has-text-color has-link-color wp-elements-f8a746fd2a5c30bb03c6628cdedc5700\">Kontaktuppgifter<\/h3>\n\n\n\n<p>Om du har n\u00e5gra fr\u00e5gor om denna integritetspolicy eller hur vi behandlar dina personuppgifter \u00e4r du v\u00e4lkommen att kontakta oss:<\/p>\n\n\n\n<p>Microbus Electronic Service AB<br>Batterigatan 4A<br>212 41 Malm\u00f6<br>Sverige<\/p>\n\n\n\n<p>E-post: <a>info@MicrobusGroup.se<\/a><br>Telefon: +46 40 53 96 80 +46 40 53 96 80<\/p>\n\n\n\n<p><\/p>","protected":false},"excerpt":{"rendered":"<p>General This policy describes how Microbus Electronic Service AB (company registration number 556235-7151), hereinafter referred to as \u201cMicrobus\u201d, processes your personal data. Through this Privacy Policy, we aim to demonstrate how we ensure that your personal data is handled in accordance with applicable data protection legislation, so that you can feel confident when providing your [&hellip;]<\/p>\n","protected":false},"author":1,"featured_media":0,"parent":0,"menu_order":0,"comment_status":"closed","ping_status":"closed","template":"page-with-title","meta":{"_monsterinsights_skip_tracking":false,"_monsterinsights_sitenote_active":false,"_monsterinsights_sitenote_note":"","_monsterinsights_sitenote_category":0,"footnotes":""},"class_list":["post-527","page","type-page","status-publish","hentry"],"aioseo_notices":[],"_links":{"self":[{"href":"https:\/\/microbus.com\/sv\/wp-json\/wp\/v2\/pages\/527","targetHints":{"allow":["GET"]}}],"collection":[{"href":"https:\/\/microbus.com\/sv\/wp-json\/wp\/v2\/pages"}],"about":[{"href":"https:\/\/microbus.com\/sv\/wp-json\/wp\/v2\/types\/page"}],"author":[{"embeddable":true,"href":"https:\/\/microbus.com\/sv\/wp-json\/wp\/v2\/users\/1"}],"replies":[{"embeddable":true,"href":"https:\/\/microbus.com\/sv\/wp-json\/wp\/v2\/comments?post=527"}],"version-history":[{"count":3,"href":"https:\/\/microbus.com\/sv\/wp-json\/wp\/v2\/pages\/527\/revisions"}],"predecessor-version":[{"id":576,"href":"https:\/\/microbus.com\/sv\/wp-json\/wp\/v2\/pages\/527\/revisions\/576"}],"wp:attachment":[{"href":"https:\/\/microbus.com\/sv\/wp-json\/wp\/v2\/media?parent=527"}],"curies":[{"name":"wp","href":"https:\/\/api.w.org\/{rel}","templated":true}]}}