{"id":523,"date":"2026-02-20T19:18:48","date_gmt":"2026-02-20T18:18:48","guid":{"rendered":"https:\/\/microbus.com\/?page_id=523"},"modified":"2026-02-20T19:19:06","modified_gmt":"2026-02-20T18:19:06","slug":"skicka-in-en-ansokan","status":"publish","type":"page","link":"https:\/\/microbus.com\/sv\/submit-an-application\/","title":{"rendered":"Intresseanm\u00e4lan"},"content":{"rendered":"<p><strong>Microbus AB<\/strong><br>Stockholm: +46 8 55 10 65 00<br>G\u00f6teborg: +46 31 797 15 55<br>Malm\u00f6: +46 40 53 96 80<\/p>\n\n\n\n<p>Mejla oss p\u00e5: <a href=\"mailto:info@microbusgroup.se\" title=\"\">info@MicrobusGroup.se<\/a><br>Webbplats f\u00f6r produkten: <a href=\"http:\/\/www.LEDdisplay.se\">www.LEDdisplay.se<\/a><\/p>\n\n\n\n<p>Vi ser fram emot att h\u00f6ra fr\u00e5n dig!<\/p>\n\n\n\n<p>Vi kommer att se till att r\u00e4tt person p\u00e5 Microbus f\u00e5r din ans\u00f6kan. Observera att vi inte kan garantera att alla ans\u00f6kningar besvaras.<\/p>\n\n\n\n<p>V\u00e4nligen skicka din ans\u00f6kan till e-postadressen ovan.<\/p>\n\n\n\n<p><\/p>","protected":false},"excerpt":{"rendered":"<p>Microbus ABStockholm: +46 8 55 10 65 00Gothenburg: +46 31 797 15 55Malm\u00f6: +46 40 53 96 80 Email us at: info@MicrobusGroup.seProduct website: www.LEDdisplay.se We look forward to hearing from you! We will ensure that the appropriate person at Microbus receives your application. Please note that we cannot guarantee a response to all applications. Kindly [&hellip;]<\/p>\n","protected":false},"author":1,"featured_media":0,"parent":0,"menu_order":0,"comment_status":"closed","ping_status":"closed","template":"page-with-title","meta":{"_monsterinsights_skip_tracking":false,"_monsterinsights_sitenote_active":false,"_monsterinsights_sitenote_note":"","_monsterinsights_sitenote_category":0,"footnotes":""},"class_list":["post-523","page","type-page","status-publish","hentry"],"aioseo_notices":[],"_links":{"self":[{"href":"https:\/\/microbus.com\/sv\/wp-json\/wp\/v2\/pages\/523","targetHints":{"allow":["GET"]}}],"collection":[{"href":"https:\/\/microbus.com\/sv\/wp-json\/wp\/v2\/pages"}],"about":[{"href":"https:\/\/microbus.com\/sv\/wp-json\/wp\/v2\/types\/page"}],"author":[{"embeddable":true,"href":"https:\/\/microbus.com\/sv\/wp-json\/wp\/v2\/users\/1"}],"replies":[{"embeddable":true,"href":"https:\/\/microbus.com\/sv\/wp-json\/wp\/v2\/comments?post=523"}],"version-history":[{"count":2,"href":"https:\/\/microbus.com\/sv\/wp-json\/wp\/v2\/pages\/523\/revisions"}],"predecessor-version":[{"id":525,"href":"https:\/\/microbus.com\/sv\/wp-json\/wp\/v2\/pages\/523\/revisions\/525"}],"wp:attachment":[{"href":"https:\/\/microbus.com\/sv\/wp-json\/wp\/v2\/media?parent=523"}],"curies":[{"name":"wp","href":"https:\/\/api.w.org\/{rel}","templated":true}]}}