{"id":438,"date":"2026-02-20T18:15:05","date_gmt":"2026-02-20T17:15:05","guid":{"rendered":"https:\/\/microbus.com\/?page_id=438"},"modified":"2026-02-20T18:15:07","modified_gmt":"2026-02-20T17:15:07","slug":"mediebevakning","status":"publish","type":"page","link":"https:\/\/microbus.com\/sv\/media-coverage\/","title":{"rendered":"Oss i media"},"content":{"rendered":"<p class=\"has-text-align-center\">V\u00e5rt mediearkiv inneh\u00e5ller l\u00e4nkar, utdrag och bilder fr\u00e5n tidigare publicerade artiklar om Microbus.<\/p>\n\n\n\n<ul class=\"wp-block-list\">\n<li><a href=\"https:\/\/microbus.com\/wp-content\/uploads\/2026\/02\/Microbus-Malung-salen-scaled.png\" target=\"_blank\" rel=\"noopener\" title=\"\">Efterl\u00e4ngtade infartsskyltar \u00e4r nu tagna i drift i Malung-S\u00e4len (2020)<\/a><\/li>\n\n\n\n<li><a href=\"https:\/\/microbus.com\/wp-content\/uploads\/2026\/02\/Utdrag-ur-SignPrint-magasinet-Juni-2019.pdf\" target=\"_blank\" rel=\"noopener\" title=\"\">Utdrag ur Sign&amp;Print magasinet Juni 2019<\/a><\/li>\n\n\n\n<li><a href=\"https:\/\/microbus.com\/wp-content\/uploads\/2026\/02\/Microbus-bjuder-pa-lunch-Burlovs-kommun-2016.png\" target=\"_blank\" rel=\"noopener\" title=\"\">Burl\u00f6vsnytt Microbus AB bjuder n\u00e4ringslivet och Burl\u00f6vs kommun p\u00e5 lunch (2016)<\/a><\/li>\n\n\n\n<li><a href=\"https:\/\/microbus.com\/wp-content\/uploads\/2026\/02\/Artikel-Skane-Microbus-digitala-skyltar-2015-scaled.png\" target=\"_blank\" rel=\"noopener\" title=\"\">Region Sk\u00e5nes f\u00f6retagsplats - Microbus digitala skyltar (2015)<\/a><\/li>\n\n\n\n<li><a href=\"https:\/\/microbus.com\/wp-content\/uploads\/2026\/02\/nyheter-sydsvenskan-ekonomi-maj-2012.jpg\" target=\"_blank\" rel=\"noopener\" title=\"Sydsvenskan Ekonomi - EKN och Sk\u00e5nska f\u00f6retag (Maj 2012)\">Sydsvenskan Ekonomi - EKN och Sk\u00e5nska f\u00f6retag (Maj 2012)<\/a><\/li>\n\n\n\n<li><a href=\"https:\/\/microbus.com\/wp-content\/uploads\/2026\/02\/nyheter-sydsvenskan-naringsliv.jpg\" target=\"_blank\" rel=\"noopener\" title=\"\">Sydsvenskan N\u00e4ringsliv - Swedbank &amp; Microbus p\u00e5 Malm\u00f6 opera (2012)<\/a><\/li>\n<\/ul>\n\n\n\n<p><\/p>","protected":false},"excerpt":{"rendered":"<p>V\u00e5rt mediearkiv inneh\u00e5ller l\u00e4nkar, utdrag och bilder fr\u00e5n tidigare publicerade artiklar om Microbus.<\/p>","protected":false},"author":1,"featured_media":0,"parent":0,"menu_order":0,"comment_status":"closed","ping_status":"closed","template":"page-with-title","meta":{"_monsterinsights_skip_tracking":false,"_monsterinsights_sitenote_active":false,"_monsterinsights_sitenote_note":"","_monsterinsights_sitenote_category":0,"footnotes":""},"class_list":["post-438","page","type-page","status-publish","hentry"],"aioseo_notices":[],"_links":{"self":[{"href":"https:\/\/microbus.com\/sv\/wp-json\/wp\/v2\/pages\/438","targetHints":{"allow":["GET"]}}],"collection":[{"href":"https:\/\/microbus.com\/sv\/wp-json\/wp\/v2\/pages"}],"about":[{"href":"https:\/\/microbus.com\/sv\/wp-json\/wp\/v2\/types\/page"}],"author":[{"embeddable":true,"href":"https:\/\/microbus.com\/sv\/wp-json\/wp\/v2\/users\/1"}],"replies":[{"embeddable":true,"href":"https:\/\/microbus.com\/sv\/wp-json\/wp\/v2\/comments?post=438"}],"version-history":[{"count":1,"href":"https:\/\/microbus.com\/sv\/wp-json\/wp\/v2\/pages\/438\/revisions"}],"predecessor-version":[{"id":445,"href":"https:\/\/microbus.com\/sv\/wp-json\/wp\/v2\/pages\/438\/revisions\/445"}],"wp:attachment":[{"href":"https:\/\/microbus.com\/sv\/wp-json\/wp\/v2\/media?parent=438"}],"curies":[{"name":"wp","href":"https:\/\/api.w.org\/{rel}","templated":true}]}}