{"id":415,"date":"2026-02-20T17:55:45","date_gmt":"2026-02-20T16:55:45","guid":{"rendered":"https:\/\/microbus.com\/?page_id=415"},"modified":"2026-02-20T17:55:48","modified_gmt":"2026-02-20T16:55:48","slug":"pressbildsarkiv","status":"publish","type":"page","link":"https:\/\/microbus.com\/sv\/press-image-archive\/","title":{"rendered":"Pressbilder"},"content":{"rendered":"<p class=\"has-text-align-center\"><strong>Bilderna nedan \u00e4r endast avsedda f\u00f6r press- och mediebruk.<\/strong><\/p>\n\n\n\n<p>I arkivet nedan hittar du fotografier av v\u00e5ra produkter samt kundrelaterade milj\u00f6bilder. I arkivet finns ocks\u00e5 portr\u00e4tt av utvalda nyckelpersoner inom Microbus.<\/p>\n\n\n\n<p>Bilderna f\u00e5r anv\u00e4ndas och publiceras i samband med artiklar och intervjuer. Portr\u00e4ttfotografier f\u00e5r endast anv\u00e4ndas i samband med uttalanden eller intervjuer som r\u00f6r den avbildade personen.<\/p>\n\n\n\n<p>Alla bilder \u00e4r tillg\u00e4ngliga i h\u00f6g uppl\u00f6sning och kan anv\u00e4ndas f\u00f6r b\u00e5de digital publicering och tryck. Fotografierna visas som miniatyrbilder och kan laddas ner i h\u00f6g uppl\u00f6sning.<\/p>\n\n\n<style type=\"text\/css\">\n#foogallery-gallery-408 .fg-image { width: 270px; }\n#foogallery-gallery-408 { --fg-gutter: 10px; }<\/style>\n\t\t\t<div class=\"foogallery foogallery-container foogallery-default foogallery-lightbox-foogallery fg-center fg-default fg-ready fg-light fg-shadow-medium fg-loading-default fg-loaded-fade-in fg-preset fg-brad fg-preset-small fg-preset fg-brad fg-preset-small\" id=\"foogallery-gallery-408\" data-foogallery=\"{&quot;item&quot;:{&quot;showCaptionTitle&quot;:true,&quot;showCaptionDescription&quot;:true},&quot;lazy&quot;:true}\" data-foogallery-lightbox=\"{&quot;thumbs&quot;:&quot;bottom&quot;,&quot;thumbsCaptions&quot;:false,&quot;thumbsBestFit&quot;:false,&quot;thumbsSmall&quot;:false,&quot;thumbsCaptionsAlign&quot;:&quot;default&quot;,&quot;info&quot;:&quot;bottom&quot;,&quot;infoVisible&quot;:true,&quot;infoOverlay&quot;:true,&quot;infoAlign&quot;:&quot;default&quot;,&quot;transition&quot;:&quot;fade&quot;,&quot;hoverButtons&quot;:false,&quot;fitMedia&quot;:false,&quot;noScrollbars&quot;:true,&quot;preserveButtonSpace&quot;:true,&quot;buttons&quot;:{&quot;fullscreen&quot;:true,&quot;info&quot;:true,&quot;thumbs&quot;:false},&quot;video&quot;:{&quot;autoPlay&quot;:true}}\" style=\"--fg-title-line-clamp: 1; --fg-description-line-clamp: 2;\" >\n\t<div class=\"fg-item fg-type-image fg-idle\"><figure class=\"fg-item-inner\"><a href=\"https:\/\/microbus.com\/wp-content\/uploads\/2026\/02\/Danmark-WallTV-Soder5-left-new-1-scaled.jpg\" data-attachment-id=\"419\" data-type=\"image\" class=\"fg-thumb\"><span class=\"fg-image-wrap\"><img fetchpriority=\"high\" decoding=\"async\" width=\"270\" height=\"230\" class=\"skip-lazy fg-image\" data-src-fg=\"https:\/\/microbus.com\/wp-content\/uploads\/cache\/2026\/02\/Danmark-WallTV-Soder5-left-new-1-scaled\/3363754019.jpg\" src=\"data:image\/svg+xml,%3Csvg%20xmlns%3D%22http%3A%2F%2Fwww.w3.org%2F2000%2Fsvg%22%20width%3D%22270%22%20height%3D%22230%22%20viewBox%3D%220%200%20270%20230%22%3E%3C%2Fsvg%3E\" loading=\"eager\"><\/span><span class=\"fg-image-overlay\"><\/span><\/a><\/figure><div class=\"fg-loader\"><\/div><\/div><div class=\"fg-item fg-type-image fg-idle\"><figure class=\"fg-item-inner\"><a href=\"https:\/\/microbus.com\/wp-content\/uploads\/2026\/02\/Gisslaved3-CPT-gray-1-scaled.jpg\" data-attachment-id=\"420\" data-type=\"image\" class=\"fg-thumb\"><span class=\"fg-image-wrap\"><img decoding=\"async\" width=\"270\" height=\"230\" class=\"skip-lazy fg-image\" data-src-fg=\"https:\/\/microbus.com\/wp-content\/uploads\/cache\/2026\/02\/Gisslaved3-CPT-gray-1-scaled\/3554447174.jpg\" src=\"data:image\/svg+xml,%3Csvg%20xmlns%3D%22http%3A%2F%2Fwww.w3.org%2F2000%2Fsvg%22%20width%3D%22270%22%20height%3D%22230%22%20viewBox%3D%220%200%20270%20230%22%3E%3C%2Fsvg%3E\" loading=\"eager\"><\/span><span class=\"fg-image-overlay\"><\/span><\/a><\/figure><div class=\"fg-loader\"><\/div><\/div><div class=\"fg-item fg-type-image fg-idle\"><figure class=\"fg-item-inner\"><a href=\"https:\/\/microbus.com\/wp-content\/uploads\/2026\/02\/GTX-Danviksbron-Stockholm-blue-1-scaled.jpg\" data-attachment-id=\"421\" data-type=\"image\" class=\"fg-thumb\"><span class=\"fg-image-wrap\"><img decoding=\"async\" width=\"270\" height=\"230\" class=\"skip-lazy fg-image\" data-src-fg=\"https:\/\/microbus.com\/wp-content\/uploads\/cache\/2026\/02\/GTX-Danviksbron-Stockholm-blue-1-scaled\/3006379733.jpg\" src=\"data:image\/svg+xml,%3Csvg%20xmlns%3D%22http%3A%2F%2Fwww.w3.org%2F2000%2Fsvg%22%20width%3D%22270%22%20height%3D%22230%22%20viewBox%3D%220%200%20270%20230%22%3E%3C%2Fsvg%3E\" loading=\"eager\"><\/span><span class=\"fg-image-overlay\"><\/span><\/a><\/figure><div class=\"fg-loader\"><\/div><\/div><div class=\"fg-item fg-type-image fg-idle\"><figure class=\"fg-item-inner\"><a href=\"https:\/\/microbus.com\/wp-content\/uploads\/2026\/02\/Goteborg-infartsskylt-1-CPT-right-1-scaled.jpg\" data-attachment-id=\"422\" data-type=\"image\" class=\"fg-thumb\"><span class=\"fg-image-wrap\"><img decoding=\"async\" width=\"270\" height=\"230\" class=\"skip-lazy fg-image\" data-src-fg=\"https:\/\/microbus.com\/wp-content\/uploads\/cache\/2026\/02\/Goteborg-infartsskylt-1-CPT-right-1-scaled\/1536967453.jpg\" src=\"data:image\/svg+xml,%3Csvg%20xmlns%3D%22http%3A%2F%2Fwww.w3.org%2F2000%2Fsvg%22%20width%3D%22270%22%20height%3D%22230%22%20viewBox%3D%220%200%20270%20230%22%3E%3C%2Fsvg%3E\" loading=\"eager\"><\/span><span class=\"fg-image-overlay\"><\/span><\/a><\/figure><div class=\"fg-loader\"><\/div><\/div><div class=\"fg-item fg-type-image fg-idle\"><figure class=\"fg-item-inner\"><a href=\"https:\/\/microbus.com\/wp-content\/uploads\/2026\/02\/Hudiksvall3-south-left-scaled.jpg\" data-attachment-id=\"423\" data-type=\"image\" class=\"fg-thumb\"><span class=\"fg-image-wrap\"><img decoding=\"async\" width=\"270\" height=\"230\" class=\"skip-lazy fg-image\" data-src-fg=\"https:\/\/microbus.com\/wp-content\/uploads\/cache\/2026\/02\/Hudiksvall3-south-left-scaled\/2064404997.jpg\" src=\"data:image\/svg+xml,%3Csvg%20xmlns%3D%22http%3A%2F%2Fwww.w3.org%2F2000%2Fsvg%22%20width%3D%22270%22%20height%3D%22230%22%20viewBox%3D%220%200%20270%20230%22%3E%3C%2Fsvg%3E\" loading=\"eager\"><\/span><span class=\"fg-image-overlay\"><\/span><\/a><\/figure><div class=\"fg-loader\"><\/div><\/div><div class=\"fg-item fg-type-image fg-idle\"><figure class=\"fg-item-inner\"><a href=\"https:\/\/microbus.com\/wp-content\/uploads\/2026\/02\/Kunskapsporten-Hassleholm-left-scaled.jpg\" data-attachment-id=\"424\" data-type=\"image\" class=\"fg-thumb\"><span class=\"fg-image-wrap\"><img decoding=\"async\" width=\"270\" height=\"230\" class=\"skip-lazy fg-image\" data-src-fg=\"https:\/\/microbus.com\/wp-content\/uploads\/cache\/2026\/02\/Kunskapsporten-Hassleholm-left-scaled\/1721356766.jpg\" src=\"data:image\/svg+xml,%3Csvg%20xmlns%3D%22http%3A%2F%2Fwww.w3.org%2F2000%2Fsvg%22%20width%3D%22270%22%20height%3D%22230%22%20viewBox%3D%220%200%20270%20230%22%3E%3C%2Fsvg%3E\" loading=\"eager\"><\/span><span class=\"fg-image-overlay\"><\/span><\/a><\/figure><div class=\"fg-loader\"><\/div><\/div><div class=\"fg-item fg-type-image fg-idle\"><figure class=\"fg-item-inner\"><a href=\"https:\/\/microbus.com\/wp-content\/uploads\/2026\/02\/Sandviken1-west-CPT-right-scaled.jpg\" data-attachment-id=\"425\" data-type=\"image\" class=\"fg-thumb\"><span class=\"fg-image-wrap\"><img decoding=\"async\" width=\"270\" height=\"230\" class=\"skip-lazy fg-image\" data-src-fg=\"https:\/\/microbus.com\/wp-content\/uploads\/cache\/2026\/02\/Sandviken1-west-CPT-right-scaled\/2942570369.jpg\" src=\"data:image\/svg+xml,%3Csvg%20xmlns%3D%22http%3A%2F%2Fwww.w3.org%2F2000%2Fsvg%22%20width%3D%22270%22%20height%3D%22230%22%20viewBox%3D%220%200%20270%20230%22%3E%3C%2Fsvg%3E\" loading=\"eager\"><\/span><span class=\"fg-image-overlay\"><\/span><\/a><\/figure><div class=\"fg-loader\"><\/div><\/div><div class=\"fg-item fg-type-image fg-idle\"><figure class=\"fg-item-inner\"><a href=\"https:\/\/microbus.com\/wp-content\/uploads\/2026\/02\/Skovde-C-Stallsik-4-scaled.jpg\" data-attachment-id=\"426\" data-type=\"image\" class=\"fg-thumb\"><span class=\"fg-image-wrap\"><img decoding=\"async\" width=\"270\" height=\"230\" class=\"skip-lazy fg-image\" data-src-fg=\"https:\/\/microbus.com\/wp-content\/uploads\/cache\/2026\/02\/Skovde-C-Stallsik-4-scaled\/2540013531.jpg\" src=\"data:image\/svg+xml,%3Csvg%20xmlns%3D%22http%3A%2F%2Fwww.w3.org%2F2000%2Fsvg%22%20width%3D%22270%22%20height%3D%22230%22%20viewBox%3D%220%200%20270%20230%22%3E%3C%2Fsvg%3E\" loading=\"eager\"><\/span><span class=\"fg-image-overlay\"><\/span><\/a><\/figure><div class=\"fg-loader\"><\/div><\/div><div class=\"fg-item fg-type-image fg-idle\"><figure class=\"fg-item-inner\"><a href=\"https:\/\/microbus.com\/wp-content\/uploads\/2026\/02\/Sturup-Parkeringsinfo-CPT-left-scaled.jpg\" data-attachment-id=\"427\" data-type=\"image\" class=\"fg-thumb\"><span class=\"fg-image-wrap\"><img decoding=\"async\" width=\"270\" height=\"230\" class=\"skip-lazy fg-image\" data-src-fg=\"https:\/\/microbus.com\/wp-content\/uploads\/cache\/2026\/02\/Sturup-Parkeringsinfo-CPT-left-scaled\/2304317664.jpg\" src=\"data:image\/svg+xml,%3Csvg%20xmlns%3D%22http%3A%2F%2Fwww.w3.org%2F2000%2Fsvg%22%20width%3D%22270%22%20height%3D%22230%22%20viewBox%3D%220%200%20270%20230%22%3E%3C%2Fsvg%3E\" loading=\"eager\"><\/span><span class=\"fg-image-overlay\"><\/span><\/a><\/figure><div class=\"fg-loader\"><\/div><\/div><div class=\"fg-item fg-type-image fg-idle\"><figure class=\"fg-item-inner\"><a href=\"https:\/\/microbus.com\/wp-content\/uploads\/2026\/02\/Tidaholm-norr-6-scaled.jpg\" data-attachment-id=\"428\" data-type=\"image\" class=\"fg-thumb\"><span class=\"fg-image-wrap\"><img decoding=\"async\" width=\"270\" height=\"230\" class=\"skip-lazy fg-image\" data-src-fg=\"https:\/\/microbus.com\/wp-content\/uploads\/cache\/2026\/02\/Tidaholm-norr-6-scaled\/2144800242.jpg\" src=\"data:image\/svg+xml,%3Csvg%20xmlns%3D%22http%3A%2F%2Fwww.w3.org%2F2000%2Fsvg%22%20width%3D%22270%22%20height%3D%22230%22%20viewBox%3D%220%200%20270%20230%22%3E%3C%2Fsvg%3E\" loading=\"eager\"><\/span><span class=\"fg-image-overlay\"><\/span><\/a><\/figure><div class=\"fg-loader\"><\/div><\/div><div class=\"fg-item fg-type-image fg-idle\"><figure class=\"fg-item-inner\"><a href=\"https:\/\/microbus.com\/wp-content\/uploads\/2026\/02\/Danmark-WallTV-Soder4-left-new-1-scaled.jpg\" data-attachment-id=\"418\" data-type=\"image\" class=\"fg-thumb\"><span class=\"fg-image-wrap\"><img decoding=\"async\" width=\"270\" height=\"230\" class=\"skip-lazy fg-image\" data-src-fg=\"https:\/\/microbus.com\/wp-content\/uploads\/cache\/2026\/02\/Danmark-WallTV-Soder4-left-new-1-scaled\/1450396948.jpg\" src=\"data:image\/svg+xml,%3Csvg%20xmlns%3D%22http%3A%2F%2Fwww.w3.org%2F2000%2Fsvg%22%20width%3D%22270%22%20height%3D%22230%22%20viewBox%3D%220%200%20270%20230%22%3E%3C%2Fsvg%3E\" loading=\"eager\"><\/span><span class=\"fg-image-overlay\"><\/span><\/a><\/figure><div class=\"fg-loader\"><\/div><\/div><div class=\"fg-item fg-type-image fg-idle\"><figure class=\"fg-item-inner\"><a href=\"https:\/\/microbus.com\/wp-content\/uploads\/2026\/02\/BRC-Malmo2-1-scaled.jpg\" data-attachment-id=\"417\" data-type=\"image\" class=\"fg-thumb\"><span class=\"fg-image-wrap\"><img decoding=\"async\" width=\"270\" height=\"230\" class=\"skip-lazy fg-image\" data-src-fg=\"https:\/\/microbus.com\/wp-content\/uploads\/cache\/2026\/02\/BRC-Malmo2-1-scaled\/457739992.jpg\" src=\"data:image\/svg+xml,%3Csvg%20xmlns%3D%22http%3A%2F%2Fwww.w3.org%2F2000%2Fsvg%22%20width%3D%22270%22%20height%3D%22230%22%20viewBox%3D%220%200%20270%20230%22%3E%3C%2Fsvg%3E\" loading=\"eager\"><\/span><span class=\"fg-image-overlay\"><\/span><\/a><\/figure><div class=\"fg-loader\"><\/div><\/div><\/div>","protected":false},"excerpt":{"rendered":"<p>The images below are intended for press and media use only. In the archive below, you will find photographs of our products as well as customer-related environmental images. The archive also includes portraits of selected key representatives of Microbus. The images may be used and published in connection with articles and interviews. Portrait photographs may [&hellip;]<\/p>\n","protected":false},"author":1,"featured_media":0,"parent":0,"menu_order":0,"comment_status":"closed","ping_status":"closed","template":"page-with-title","meta":{"_monsterinsights_skip_tracking":false,"_monsterinsights_sitenote_active":false,"_monsterinsights_sitenote_note":"","_monsterinsights_sitenote_category":0,"footnotes":""},"class_list":["post-415","page","type-page","status-publish","hentry"],"aioseo_notices":[],"_links":{"self":[{"href":"https:\/\/microbus.com\/sv\/wp-json\/wp\/v2\/pages\/415","targetHints":{"allow":["GET"]}}],"collection":[{"href":"https:\/\/microbus.com\/sv\/wp-json\/wp\/v2\/pages"}],"about":[{"href":"https:\/\/microbus.com\/sv\/wp-json\/wp\/v2\/types\/page"}],"author":[{"embeddable":true,"href":"https:\/\/microbus.com\/sv\/wp-json\/wp\/v2\/users\/1"}],"replies":[{"embeddable":true,"href":"https:\/\/microbus.com\/sv\/wp-json\/wp\/v2\/comments?post=415"}],"version-history":[{"count":1,"href":"https:\/\/microbus.com\/sv\/wp-json\/wp\/v2\/pages\/415\/revisions"}],"predecessor-version":[{"id":416,"href":"https:\/\/microbus.com\/sv\/wp-json\/wp\/v2\/pages\/415\/revisions\/416"}],"wp:attachment":[{"href":"https:\/\/microbus.com\/sv\/wp-json\/wp\/v2\/media?parent=415"}],"curies":[{"name":"wp","href":"https:\/\/api.w.org\/{rel}","templated":true}]}}