{"id":520,"date":"2026-02-20T19:17:08","date_gmt":"2026-02-20T18:17:08","guid":{"rendered":"https:\/\/microbus.com\/?page_id=520"},"modified":"2026-02-20T19:17:09","modified_gmt":"2026-02-20T18:17:09","slug":"avoimet-tyopaikat","status":"publish","type":"page","link":"https:\/\/microbus.com\/fi\/job-openings\/","title":{"rendered":"Avoimet ty\u00f6paikat"},"content":{"rendered":"<p>T\u00e4\u00e4lt\u00e4 l\u00f6yd\u00e4t ne ty\u00f6paikat, joihin t\u00e4ll\u00e4 hetkell\u00e4 palkkaamme ty\u00f6ntekij\u00f6it\u00e4. Jos et l\u00f6yd\u00e4 profiiliisi sopivaa teht\u00e4v\u00e4\u00e4, voit silti j\u00e4tt\u00e4\u00e4 yleisen hakemuksen.<\/p>\n\n\n\n<p>Voimme ottaa sinuun yhteytt\u00e4, kun etsimme ehdokkaita, joiden taidot ja kokemus vastaavat profiiliasi.<\/p>\n\n\n\n<p><\/p>","protected":false},"excerpt":{"rendered":"<p>T\u00e4\u00e4lt\u00e4 l\u00f6yd\u00e4t ne ty\u00f6paikat, joihin t\u00e4ll\u00e4 hetkell\u00e4 palkkaamme ty\u00f6ntekij\u00f6it\u00e4. Jos et l\u00f6yd\u00e4 profiiliisi sopivaa teht\u00e4v\u00e4\u00e4, voit silti j\u00e4tt\u00e4\u00e4 yleisen hakemuksen. Voimme sitten ottaa sinuun yhteytt\u00e4, kun etsimme hakijoita, joiden taidot ja kokemus vastaavat profiiliasi.<\/p>","protected":false},"author":1,"featured_media":0,"parent":0,"menu_order":0,"comment_status":"closed","ping_status":"closed","template":"page-with-title","meta":{"_monsterinsights_skip_tracking":false,"_monsterinsights_sitenote_active":false,"_monsterinsights_sitenote_note":"","_monsterinsights_sitenote_category":0,"footnotes":""},"class_list":["post-520","page","type-page","status-publish","hentry"],"aioseo_notices":[],"_links":{"self":[{"href":"https:\/\/microbus.com\/fi\/wp-json\/wp\/v2\/pages\/520","targetHints":{"allow":["GET"]}}],"collection":[{"href":"https:\/\/microbus.com\/fi\/wp-json\/wp\/v2\/pages"}],"about":[{"href":"https:\/\/microbus.com\/fi\/wp-json\/wp\/v2\/types\/page"}],"author":[{"embeddable":true,"href":"https:\/\/microbus.com\/fi\/wp-json\/wp\/v2\/users\/1"}],"replies":[{"embeddable":true,"href":"https:\/\/microbus.com\/fi\/wp-json\/wp\/v2\/comments?post=520"}],"version-history":[{"count":1,"href":"https:\/\/microbus.com\/fi\/wp-json\/wp\/v2\/pages\/520\/revisions"}],"predecessor-version":[{"id":521,"href":"https:\/\/microbus.com\/fi\/wp-json\/wp\/v2\/pages\/520\/revisions\/521"}],"wp:attachment":[{"href":"https:\/\/microbus.com\/fi\/wp-json\/wp\/v2\/media?parent=520"}],"curies":[{"name":"wp","href":"https:\/\/api.w.org\/{rel}","templated":true}]}}