{"id":514,"date":"2026-02-20T19:14:41","date_gmt":"2026-02-20T18:14:41","guid":{"rendered":"https:\/\/microbus.com\/?page_id=514"},"modified":"2026-02-23T09:36:38","modified_gmt":"2026-02-23T08:36:38","slug":"historialliset-tuotteet","status":"publish","type":"page","link":"https:\/\/microbus.com\/fi\/historical-products\/","title":{"rendered":"Historialliset tuotteet"},"content":{"rendered":"<p class=\"has-text-align-center\">T\u00e4\u00e4lt\u00e4 l\u00f6yd\u00e4t pienen valikoiman Microbus:n tuotehistoriasta. Olemme ylpeit\u00e4 perinn\u00f6st\u00e4mme ja projekteista, joiden parissa olemme ty\u00f6skennelleet vuosien varrella.<\/p>\n\n\n\n<p class=\"has-text-align-center\">Jos haluat tutustua nykyaikaisiin tuotteisiimme, l\u00f6yd\u00e4t ne t\u00e4\u00e4lt\u00e4:<br><a href=\"http:\/\/www.LEDdisplay.se\">www.LEDdisplay.se<\/a><\/p>\n\n\n\n<hr class=\"wp-block-separator has-alpha-channel-opacity\"\/>\n\n\n\n<h3 class=\"wp-block-heading has-text-align-left has-custom-microbus-blue-color has-text-color has-link-color wp-elements-f32789a23ceb1943c998de87a8578460\">Bowling tulostaulu<\/h3>\n\n\n\n<p class=\"has-text-align-left\">Microbus:n ensimm\u00e4inen itse kehitetty tuote, jossa on LED-n\u00e4yt\u00f6t. Suurten merkkien tulosn\u00e4ytt\u00f6j\u00e4rjestelm\u00e4 keilahalleihin. Tuotetta valmistettiin ja myytiin 1980-luvun alusta 1990-luvun loppuun.<\/p>\n\n\n\n<figure class=\"wp-block-image aligncenter size-full\"><img loading=\"lazy\" decoding=\"async\" width=\"768\" height=\"579\" src=\"https:\/\/microbus.com\/wp-content\/uploads\/2026\/02\/Bowlingtavla_Lund-768x579-1.jpg\" alt=\"\" class=\"wp-image-515\" srcset=\"https:\/\/microbus.com\/wp-content\/uploads\/2026\/02\/Bowlingtavla_Lund-768x579-1.jpg 768w, https:\/\/microbus.com\/wp-content\/uploads\/2026\/02\/Bowlingtavla_Lund-768x579-1-300x226.jpg 300w, https:\/\/microbus.com\/wp-content\/uploads\/2026\/02\/Bowlingtavla_Lund-768x579-1-16x12.jpg 16w\" sizes=\"auto, (max-width: 768px) 100vw, 768px\" \/><figcaption class=\"wp-element-caption\"><em>(Kuva Lundin keilahallista, 1984)<\/em><\/figcaption><\/figure>\n\n\n\n<hr class=\"wp-block-separator has-alpha-channel-opacity\"\/>\n\n\n\n<h3 class=\"wp-block-heading has-text-align-left has-custom-microbus-blue-color has-text-color has-link-color wp-elements-24ecfbad9e3fb96bef69a4ff872895f3\">Langaton kaukos\u00e4\u00e4din (1990)<\/h3>\n\n\n\n<p class=\"has-text-align-left\">Kehitt\u00e4nyt Microbus. T\u00e4m\u00e4n langattoman kaukos\u00e4\u00e4timen avulla asiakkaidemme oli helpompi p\u00e4ivitt\u00e4\u00e4 tietoja langattomasti LED-n\u00e4yt\u00f6iss\u00e4mme. Kommunikointi hoidettiin tehokkaan infrapunal\u00e4hettimen (IR) avulla, joka n\u00e4kyy kuvassa ohjaimen etuosassa. Tuotteen valmistus lopetettiin vuonna 2004.<\/p>\n\n\n\n<figure class=\"wp-block-image aligncenter size-full\"><img loading=\"lazy\" decoding=\"async\" width=\"768\" height=\"539\" src=\"https:\/\/microbus.com\/wp-content\/uploads\/2026\/02\/Tradlos-handkontroll-for-bl.a.-bowlinghallar-1990-microbus-AB-768x539-1.jpg\" alt=\"\" class=\"wp-image-516\" srcset=\"https:\/\/microbus.com\/wp-content\/uploads\/2026\/02\/Tradlos-handkontroll-for-bl.a.-bowlinghallar-1990-microbus-AB-768x539-1.jpg 768w, https:\/\/microbus.com\/wp-content\/uploads\/2026\/02\/Tradlos-handkontroll-for-bl.a.-bowlinghallar-1990-microbus-AB-768x539-1-300x211.jpg 300w, https:\/\/microbus.com\/wp-content\/uploads\/2026\/02\/Tradlos-handkontroll-for-bl.a.-bowlinghallar-1990-microbus-AB-768x539-1-18x12.jpg 18w\" sizes=\"auto, (max-width: 768px) 100vw, 768px\" \/><\/figure>\n\n\n\n<hr class=\"wp-block-separator has-alpha-channel-opacity\"\/>\n\n\n\n<h3 class=\"wp-block-heading has-custom-microbus-blue-color has-text-color has-link-color wp-elements-8d313c36df130f1093b1d7208fcdeb00\">Barseb\u00e4ckin ydinvoimalan seisokkiajan ajastin<\/h3>\n\n\n\n<p>Microbus-seisokkiajastin valvoi ja n\u00e4ytti seisokkiaikoja ruotsalaisissa ydinvoimalaitoksissa. Ajastin n\u00e4ytti sek\u00e4 seisokin tarkan p\u00e4iv\u00e4m\u00e4\u00e4r\u00e4n ja kellonajan ett\u00e4 seisokin keston.<\/p>\n\n\n\n<figure class=\"wp-block-image aligncenter size-full\"><img loading=\"lazy\" decoding=\"async\" width=\"768\" height=\"747\" src=\"https:\/\/microbus.com\/wp-content\/uploads\/2026\/02\/Stopptidstimer-for-Barsebacks-karnkraftverk-framtagen-av-Microbus-768x747-1.jpg\" alt=\"\" class=\"wp-image-561\" srcset=\"https:\/\/microbus.com\/wp-content\/uploads\/2026\/02\/Stopptidstimer-for-Barsebacks-karnkraftverk-framtagen-av-Microbus-768x747-1.jpg 768w, https:\/\/microbus.com\/wp-content\/uploads\/2026\/02\/Stopptidstimer-for-Barsebacks-karnkraftverk-framtagen-av-Microbus-768x747-1-300x292.jpg 300w, https:\/\/microbus.com\/wp-content\/uploads\/2026\/02\/Stopptidstimer-for-Barsebacks-karnkraftverk-framtagen-av-Microbus-768x747-1-12x12.jpg 12w\" sizes=\"auto, (max-width: 768px) 100vw, 768px\" \/><figcaption class=\"wp-element-caption\"><em>(Kuva Barseb\u00e4ckin valvomosta, 1997)<\/em><\/figcaption><\/figure>\n\n\n\n<p><\/p>","protected":false},"excerpt":{"rendered":"<p>Here you will find a small selection from Microbus\u2019 product history. We are proud of our heritage and the projects we have worked on over the years. If you would like to explore our modern products, you can find them here:www.LEDdisplay.se Bowling Scoreboard Microbus\u2019 first in-house developed product featuring LED displays. A large-character result display [&hellip;]<\/p>\n","protected":false},"author":1,"featured_media":0,"parent":0,"menu_order":0,"comment_status":"closed","ping_status":"closed","template":"page-with-title","meta":{"_monsterinsights_skip_tracking":false,"_monsterinsights_sitenote_active":false,"_monsterinsights_sitenote_note":"","_monsterinsights_sitenote_category":0,"footnotes":""},"class_list":["post-514","page","type-page","status-publish","hentry"],"aioseo_notices":[],"_links":{"self":[{"href":"https:\/\/microbus.com\/fi\/wp-json\/wp\/v2\/pages\/514","targetHints":{"allow":["GET"]}}],"collection":[{"href":"https:\/\/microbus.com\/fi\/wp-json\/wp\/v2\/pages"}],"about":[{"href":"https:\/\/microbus.com\/fi\/wp-json\/wp\/v2\/types\/page"}],"author":[{"embeddable":true,"href":"https:\/\/microbus.com\/fi\/wp-json\/wp\/v2\/users\/1"}],"replies":[{"embeddable":true,"href":"https:\/\/microbus.com\/fi\/wp-json\/wp\/v2\/comments?post=514"}],"version-history":[{"count":2,"href":"https:\/\/microbus.com\/fi\/wp-json\/wp\/v2\/pages\/514\/revisions"}],"predecessor-version":[{"id":562,"href":"https:\/\/microbus.com\/fi\/wp-json\/wp\/v2\/pages\/514\/revisions\/562"}],"wp:attachment":[{"href":"https:\/\/microbus.com\/fi\/wp-json\/wp\/v2\/media?parent=514"}],"curies":[{"name":"wp","href":"https:\/\/api.w.org\/{rel}","templated":true}]}}