{"id":455,"date":"2026-02-20T18:28:30","date_gmt":"2026-02-20T17:28:30","guid":{"rendered":"https:\/\/microbus.com\/?page_id=455"},"modified":"2026-02-20T18:28:32","modified_gmt":"2026-02-20T17:28:32","slug":"elektroniikan-kehittaminen","status":"publish","type":"page","link":"https:\/\/microbus.com\/fi\/electronics-development\/","title":{"rendered":"Elektroniikan kehitys"},"content":{"rendered":"<p>Microbus Electronic Service AB on nimens\u00e4 mukaisesti yritys, joka on keskittynyt korkealaatuisten s\u00e4hk\u00f6isten palvelujen ja ratkaisujen toimittamiseen. Digitaalisista opasteista on tullut yh\u00e4 t\u00e4rke\u00e4mpi ja kustannustehokkaampi viestint\u00e4alusta, joka korvaa jatkuvasti perinteisi\u00e4 staattisia opasteita.<\/p>\n\n\n\n<p>Yhdist\u00e4mme teknisen asiantuntemuksen ja pitk\u00e4aikaisen teollisuuskokemuksen kehitt\u00e4\u00e4ksemme luotettavia ja suorituskykyisi\u00e4 elektroniikkaj\u00e4rjestelmi\u00e4, jotka on r\u00e4\u00e4t\u00e4l\u00f6ity vaativiin ymp\u00e4rist\u00f6ihin.<\/p>\n\n\n\n<hr class=\"wp-block-separator has-alpha-channel-opacity\"\/>\n\n\n\n<h3 class=\"wp-block-heading has-custom-microbus-blue-color has-text-color has-link-color wp-elements-01e04cfdd2f5e73ac2796d09fcd95673\">Tuotemerkkikomponentit ja laatustandardit<\/h3>\n\n\n\n<p>Tunnustetut laatutuotteemme yhdistettyn\u00e4 tiimimme korkeaan tekniseen osaamiseen antavat meille vahvan aseman alalla.<\/p>\n\n\n\n<p>Viime vuosina alalle on tullut v\u00e4hemm\u00e4n kokeneita ja lyhytaikaisia uusia toimijoita. Merkitt\u00e4vi\u00e4 investointeja tekevien asiakkaiden on siksi olennaisen t\u00e4rke\u00e4\u00e4 varmistaa, ett\u00e4 tuotteet sis\u00e4lt\u00e4v\u00e4t oikeat komponentit, joita tarvitaan halutun suorituskyvyn saavuttamiseksi - ja ett\u00e4 toimittajalla on toimiva palveluorganisaatio.<\/p>\n\n\n\n<p>T\u00e4m\u00e4n tueksi on laadittu teknisi\u00e4 v\u00e4himm\u00e4isvaatimuksia koskevat asiakirjat ja luettelot hyv\u00e4ksytyist\u00e4 merkkikomponenteista, joita olisi k\u00e4ytett\u00e4v\u00e4, sek\u00e4 mustalle listalle merkityist\u00e4 komponenteista, joita olisi v\u00e4ltett\u00e4v\u00e4.<\/p>\n\n\n\n<div class=\"wp-block-columns is-layout-flex wp-container-core-columns-is-layout-28f84493 wp-block-columns-is-layout-flex\">\n<div class=\"wp-block-column is-layout-flow wp-block-column-is-layout-flow\" style=\"flex-basis:66.66%\">\n<p>Julkisissa hankinnoissa asiakkaiden olisi esimerkiksi m\u00e4\u00e4ritelt\u00e4v\u00e4 pakolliset vaatimukset, jotka koskevat:<\/p>\n\n\n\n<ul class=\"wp-block-list\">\n<li>LED-merkki<\/li>\n\n\n\n<li>Virtal\u00e4hteen merkki<\/li>\n\n\n\n<li>Pikseliv\u00e4li<\/li>\n\n\n\n<li>Liittimet ja ydinkomponentit<\/li>\n<\/ul>\n\n\n\n<p>N\u00e4in varmistetaan pitk\u00e4aikainen luotettavuus, suorituskyky ja huollettavuus.<\/p>\n<\/div>\n\n\n\n<div class=\"wp-block-column is-layout-flow wp-block-column-is-layout-flow\" style=\"flex-basis:33.33%\">\n<figure class=\"wp-block-image size-full\"><img loading=\"lazy\" decoding=\"async\" width=\"300\" height=\"265\" src=\"https:\/\/microbus.com\/wp-content\/uploads\/2026\/02\/Microbus-quality-stamp-300x265-1.jpg\" alt=\"\" class=\"wp-image-456\" srcset=\"https:\/\/microbus.com\/wp-content\/uploads\/2026\/02\/Microbus-quality-stamp-300x265-1.jpg 300w, https:\/\/microbus.com\/wp-content\/uploads\/2026\/02\/Microbus-quality-stamp-300x265-1-14x12.jpg 14w\" sizes=\"auto, (max-width: 300px) 100vw, 300px\" \/><\/figure>\n<\/div>\n<\/div>\n\n\n\n<hr class=\"wp-block-separator has-alpha-channel-opacity\"\/>\n\n\n\n<h3 class=\"wp-block-heading has-custom-microbus-blue-color has-text-color has-link-color wp-elements-c6901ba11829087105e69d00d0bb09ad\">J\u00e4rjestelm\u00e4n kehitt\u00e4minen<\/h3>\n\n\n\n<p>Microbus:ll\u00e4 on oma kehitysorganisaationsa, jolla on kolme integroitua osastoa.<\/p>\n\n\n\n<p>Ruotsissa insin\u00f6\u00f6rimme ja teknikot kehitt\u00e4v\u00e4t asiakasl\u00e4ht\u00f6isi\u00e4 tuotteita, kuten r\u00e4\u00e4t\u00e4l\u00f6ityj\u00e4 j\u00e4rjestelmi\u00e4 ja ohjelmistoratkaisuja. Ruotsalainen tiimimme kehitt\u00e4\u00e4 my\u00f6s laitteistoja ja laiteohjelmistoja piirilevytasolla, mik\u00e4 takaa t\u00e4ydellisen hallinnan j\u00e4rjestelm\u00e4arkkitehtuurista, suorituskyvyst\u00e4 ja luotettavuudesta.<\/p>\n\n\n\n<p>Siirsimme vuosia sitten osan LED-n\u00e4ytt\u00f6jen tuotannostamme Unkariin. Ajan my\u00f6t\u00e4 olemme rakentaneet sinne vahvan ja eritt\u00e4in p\u00e4tev\u00e4n insin\u00f6\u00f6ri- ja teknikkotiimin. Unkarissa jatkamme LED-n\u00e4ytt\u00f6teknologian ja siihen liittyvien sulautettujen ohjelmistojen hiomista ja kehitt\u00e4mist\u00e4. Unkarilaiset insin\u00f6\u00f6rimme ty\u00f6skentelev\u00e4t tiiviiss\u00e4 yhteisty\u00f6ss\u00e4 ruotsalaisen kehitystiimimme kanssa muodostaen yhten\u00e4isen ja hyvin koordinoidun kansainv\u00e4lisen suunnittelurakenteen.<\/p>\n\n\n\n<p>Videon\u00e4ytt\u00f6j\u00e4rjestelm\u00e4t suunnitellaan ja kootaan Ruotsissa. Monet tuotteisiimme sis\u00e4ltyvist\u00e4 komponenteista kehitet\u00e4\u00e4n ja valmistetaan kuitenkin omassa toimipisteess\u00e4mme Shenzheniss\u00e4, Kiinassa. Kiinassa valmistamme p\u00e4\u00e4asiassa videon\u00e4ytt\u00f6ihin tarkoitettuja LED-moduulilohkoja. Yhdenmukaisen laadunvalvonnan varmistamiseksi meill\u00e4 on oma paikallinen toimistomme, jossa on ymp\u00e4rivuotisesti paikalla vakituisesti ty\u00f6skentelev\u00e4\u00e4 henkil\u00f6kuntaa.<\/p>\n\n\n\n<p>Tuotetyypist\u00e4 riippuen valitsemme jonkin yhteisty\u00f6kumppanimme tehtaista ja vuokraamme sille tarkoitetut tuotantolinjat. T\u00e4m\u00e4n l\u00e4hestymistavan ansiosta voimme s\u00e4ilytt\u00e4\u00e4 valmistusprosessin t\u00e4ydellisen hallinnan ja yhdist\u00e4\u00e4 joustavuuden tehokkaisiin maailmanlaajuisiin tuotantoresursseihin.<\/p>\n\n\n\n<div class=\"wp-block-columns is-layout-flex wp-container-core-columns-is-layout-28f84493 wp-block-columns-is-layout-flex\">\n<div class=\"wp-block-column is-layout-flow wp-block-column-is-layout-flow\">\n<figure class=\"wp-block-image size-full\"><img loading=\"lazy\" decoding=\"async\" width=\"768\" height=\"528\" src=\"https:\/\/microbus.com\/wp-content\/uploads\/2026\/02\/Microbus-kinakontor-2017-b-768x528-1.jpg\" alt=\"\" class=\"wp-image-457\" srcset=\"https:\/\/microbus.com\/wp-content\/uploads\/2026\/02\/Microbus-kinakontor-2017-b-768x528-1.jpg 768w, https:\/\/microbus.com\/wp-content\/uploads\/2026\/02\/Microbus-kinakontor-2017-b-768x528-1-300x206.jpg 300w, https:\/\/microbus.com\/wp-content\/uploads\/2026\/02\/Microbus-kinakontor-2017-b-768x528-1-18x12.jpg 18w\" sizes=\"auto, (max-width: 768px) 100vw, 768px\" \/><\/figure>\n<\/div>\n\n\n\n<div class=\"wp-block-column is-layout-flow wp-block-column-is-layout-flow\">\n<p>Ruotsalaiset insin\u00f6\u00f6rimme ja tekniset myyntiedustajamme matkustavat s\u00e4\u00e4nn\u00f6llisesti Kiinaan. Yhdess\u00e4 paikallisen tiimimme kanssa he osallistuvat uusien tuotesarjojen kehitt\u00e4miseen ja keskittyv\u00e4t erityisesti sopeutumiseen pohjoismaisille markkinoille.<\/p>\n\n\n\n<p>Yhdist\u00e4m\u00e4ll\u00e4 kehitysty\u00f6n Ruotsissa, teknisen jalostuksen Unkarissa ja komponenttien valvotun valmistuksen Kiinassa Microbus takaa korkean teknisen luotettavuuden, komponenttitason laadunvarmistuksen, pitk\u00e4t tuote-elinkaaret, kilpailukykyisen hinnoittelun ja t\u00e4ydellisen j\u00e4ljitett\u00e4vyyden sek\u00e4 luotettavan huoltotuen.<\/p>\n\n\n\n<p>T\u00e4m\u00e4n integroidun rakenteen ansiosta pystymme toimittamaan edistyksellisi\u00e4 elektronisia j\u00e4rjestelmi\u00e4 t\u00e4ydellisess\u00e4 valvonnassa - alkukehityksest\u00e4 lopulliseen asennukseen.<\/p>\n<\/div>\n<\/div>\n\n\n\n<p><\/p>","protected":false},"excerpt":{"rendered":"<p>Microbus Electronic Service AB \u2014 as the name suggests \u2014 is a company focused on delivering high-quality electronic services and solutions. Digital signage has become an increasingly important and cost-effective communication platform, steadily replacing traditional static signage. We combine engineering expertise with long-term industry experience to develop reliable, high-performance electronic systems tailored to demanding environments. [&hellip;]<\/p>\n","protected":false},"author":1,"featured_media":0,"parent":0,"menu_order":0,"comment_status":"closed","ping_status":"closed","template":"page-with-title","meta":{"_monsterinsights_skip_tracking":false,"_monsterinsights_sitenote_active":false,"_monsterinsights_sitenote_note":"","_monsterinsights_sitenote_category":0,"footnotes":""},"class_list":["post-455","page","type-page","status-publish","hentry"],"aioseo_notices":[],"_links":{"self":[{"href":"https:\/\/microbus.com\/fi\/wp-json\/wp\/v2\/pages\/455","targetHints":{"allow":["GET"]}}],"collection":[{"href":"https:\/\/microbus.com\/fi\/wp-json\/wp\/v2\/pages"}],"about":[{"href":"https:\/\/microbus.com\/fi\/wp-json\/wp\/v2\/types\/page"}],"author":[{"embeddable":true,"href":"https:\/\/microbus.com\/fi\/wp-json\/wp\/v2\/users\/1"}],"replies":[{"embeddable":true,"href":"https:\/\/microbus.com\/fi\/wp-json\/wp\/v2\/comments?post=455"}],"version-history":[{"count":1,"href":"https:\/\/microbus.com\/fi\/wp-json\/wp\/v2\/pages\/455\/revisions"}],"predecessor-version":[{"id":458,"href":"https:\/\/microbus.com\/fi\/wp-json\/wp\/v2\/pages\/455\/revisions\/458"}],"wp:attachment":[{"href":"https:\/\/microbus.com\/fi\/wp-json\/wp\/v2\/media?parent=455"}],"curies":[{"name":"wp","href":"https:\/\/api.w.org\/{rel}","templated":true}]}}