{"id":527,"date":"2026-02-20T19:24:55","date_gmt":"2026-02-20T18:24:55","guid":{"rendered":"https:\/\/microbus.com\/?page_id=527"},"modified":"2026-02-23T10:04:51","modified_gmt":"2026-02-23T09:04:51","slug":"microbus-gdpr-politik","status":"publish","type":"page","link":"https:\/\/microbus.com\/da\/microbus-gdpr-policy\/","title":{"rendered":"Microbus's GDPR-politik"},"content":{"rendered":"<h3 class=\"wp-block-heading has-custom-microbus-blue-color has-text-color has-link-color wp-elements-6456d2c63727c8ba2891cf2d48a87989\">Generelt<\/h3>\n\n\n\n<p>Denne politik beskriver, hvordan Microbus Electronic Service AB (virksomhedsregistreringsnummer 556235-7151), i det f\u00f8lgende ben\u00e6vnt \u201cMicrobus\u201d, behandler dine personoplysninger.<\/p>\n\n\n\n<p>Med denne privatlivspolitik \u00f8nsker vi at vise, hvordan vi sikrer, at dine personlige oplysninger h\u00e5ndteres i overensstemmelse med g\u00e6ldende databeskyttelseslovgivning, s\u00e5 du kan f\u00f8le dig tryg, n\u00e5r du giver os dine virksomheds- og personlige oplysninger.<\/p>\n\n\n\n<hr class=\"wp-block-separator has-alpha-channel-opacity\"\/>\n\n\n\n<h3 class=\"wp-block-heading has-custom-microbus-blue-color has-text-color has-link-color wp-elements-e3160d91b82e1d5312160b47d0926d01\">Dataansvarlig<\/h3>\n\n\n\n<p>Microbus er dataansvarlig for behandlingen af dine personoplysninger og er ansvarlig for at sikre, at denne behandling udf\u00f8res i overensstemmelse med g\u00e6ldende lovgivning.<\/p>\n\n\n\n<hr class=\"wp-block-separator has-alpha-channel-opacity\"\/>\n\n\n\n<h3 class=\"wp-block-heading has-custom-microbus-blue-color has-text-color has-link-color wp-elements-bed31514224bc7062658cc087000e925\">Indsamling af information<\/h3>\n\n\n\n<p>For at du kan k\u00f8be vores varer eller tjenester eller kontakte os for service, support eller information, er vi n\u00f8dt til at indsamle og behandle visse personoplysninger.<\/p>\n\n\n\n<p>Vi indsamler oplysninger fra dig, n\u00e5r du:<\/p>\n\n\n\n<ul class=\"wp-block-list\">\n<li>Bestil produkter eller tjenester via vores hjemmesider<\/li>\n\n\n\n<li>Kontakt os via kontaktformularer<\/li>\n\n\n\n<li>Tilmeld dig vores nyhedsbrev<\/li>\n<\/ul>\n\n\n\n<p>De oplysninger, der indsamles ved bestilling af produkter eller tjenester, omfatter:<\/p>\n\n\n\n<ul class=\"wp-block-list\">\n<li>Navn<\/li>\n\n\n\n<li>E-mail-adresse<\/li>\n\n\n\n<li>Telefonnummer<\/li>\n\n\n\n<li>Virksomhedens registreringsnummer<\/li>\n\n\n\n<li>Oplysninger om virksomhedens adresse<\/li>\n<\/ul>\n\n\n\n<p>N\u00e5r du tilmelder dig nyhedsbreve eller bruger kontaktformularer, gemmer vi din e-mailadresse og dit navn (hvis du har angivet det).<\/p>\n\n\n\n<hr class=\"wp-block-separator has-alpha-channel-opacity\"\/>\n\n\n\n<h3 class=\"wp-block-heading has-custom-microbus-blue-color has-text-color has-link-color wp-elements-635a616abf95668c30a938d890a1c7e7\">Brug af information<\/h3>\n\n\n\n<p>Microbus behandler dine personoplysninger til forskellige form\u00e5l, prim\u00e6rt for at:<\/p>\n\n\n\n<ul class=\"wp-block-list\">\n<li>Opfylde vores forpligtelser over for dig som kunde (f.eks. k\u00f8b, abonnementer, fakturering, support)<\/li>\n\n\n\n<li>Yde kundeservice og svare p\u00e5 sp\u00f8rgsm\u00e5l<\/li>\n\n\n\n<li>Giv operationelle oplysninger og oplysninger via post, e-mail eller telefon om Microbus og udvalgte partnere<\/li>\n\n\n\n<li>Forbedre vores tilbud (produkter, tjenester, funktioner)<\/li>\n\n\n\n<li>Forebyg svindel og udf\u00f8r risikostyring<\/li>\n\n\n\n<li>Overholde g\u00e6ldende love (f.eks. regnskabslove)<\/li>\n\n\n\n<li>Udf\u00f8re markedsanalyser, kundeanalyser, statistikker og forretningsudvikling<\/li>\n<\/ul>\n\n\n\n<hr class=\"wp-block-separator has-alpha-channel-opacity\"\/>\n\n\n\n<h3 class=\"wp-block-heading has-custom-microbus-blue-color has-text-color has-link-color wp-elements-59704310c8d965f5935d1b142e013fd0\">Juridisk grundlag for behandling<\/h3>\n\n\n\n<h4 class=\"wp-block-heading has-custom-microbus-blue-color has-text-color has-link-color wp-elements-cbd035b71ba81481175179f7ac614c8a\">Form\u00e5l 1: Administrere, udvikle og levere varer og tjenester og yde st\u00f8tte<\/h4>\n\n\n\n<p><strong>Juridisk grundlag:<\/strong><br>Opfyldelse af kontrakt (salgsbetingelser og, hvor det er relevant, abonnementsbetingelser)<\/p>\n\n\n\n<p><strong>Lagrede personlige data:<\/strong><br>Kontaktnavn, firmanavn, CVR-nummer, adresse, telefonnummer, e-mailadresse.<\/p>\n\n\n\n<hr class=\"wp-block-separator has-alpha-channel-opacity\"\/>\n\n\n\n<h4 class=\"wp-block-heading has-custom-microbus-blue-color has-text-color has-link-color wp-elements-949fddd52c1c98b61cdccea576f01bcb\">Form\u00e5l 2: Overholdelse af svensk lovgivning (f.eks. regnskabsloven)<\/h4>\n\n\n\n<p><strong>Juridisk grundlag:<\/strong><br>Juridisk forpligtelse<\/p>\n\n\n\n<p><strong>Lagrede personlige data:<\/strong><br>Kontaktnavn, firmanavn, CVR-nummer, adresse, telefonnummer, e-mailadresse.<\/p>\n\n\n\n<hr class=\"wp-block-separator has-alpha-channel-opacity\"\/>\n\n\n\n<h4 class=\"wp-block-heading has-custom-microbus-blue-color has-text-color has-link-color wp-elements-98fdf93f636a96daebcbbee23637ba27\">Form\u00e5l 3: Operationel information og kommunikation vedr\u00f8rende Microbus og vores partnere via post, e-mail eller telefon<\/h4>\n\n\n\n<p><strong>Juridisk grundlag:<\/strong><br>Berettiget interesse<\/p>\n\n\n\n<p><strong>Lagrede personlige data:<\/strong><br>Kontaktnavn, firmanavn, CVR-nummer, adresse, telefonnummer, e-mailadresse.<\/p>\n\n\n\n<hr class=\"wp-block-separator has-alpha-channel-opacity\"\/>\n\n\n\n<h3 class=\"wp-block-heading has-custom-microbus-blue-color has-text-color has-link-color wp-elements-0b88a50550f269b1bad9d7742b3ce1c4\">Opbevaring af data<\/h3>\n\n\n\n<p>Dine personoplysninger opbevares kun, s\u00e5 l\u00e6nge det er n\u00f8dvendigt for at opfylde de form\u00e5l, som de blev indsamlet til, i overensstemmelse med denne privatlivspolitik.<\/p>\n\n\n\n<p>Microbus kan opbevare data l\u00e6ngere, hvis det kr\u00e6ves i henhold til svensk lov, eller hvis det er n\u00f8dvendigt for at beskytte juridiske interesser.<\/p>\n\n\n\n<hr class=\"wp-block-separator has-alpha-channel-opacity\"\/>\n\n\n\n<h3 class=\"wp-block-heading has-custom-microbus-blue-color has-text-color has-link-color wp-elements-bd3d4c1f4d6a00dc5d20fb74925ab38b\">Offentligg\u00f8relse til tredjeparter<\/h3>\n\n\n\n<p>Vi s\u00e6lger, bytter eller p\u00e5 anden m\u00e5de overf\u00f8rer ikke personligt identificerbare oplysninger til eksterne parter.<\/p>\n\n\n\n<p>Betroede tredjeparter, der hj\u00e6lper os med at drive vores websted (hostingudbydere), drive vores virksomhed (revisorer, regnskabsfirmaer) og officielle partnere s\u00e5som betalingsudbydere, fragtsystemer og forretningssystemer kan modtage oplysninger, n\u00e5r det er n\u00f8dvendigt for at opfylde kontraktlige forpligtelser.<\/p>\n\n\n\n<p>Vi kan ogs\u00e5 dele oplysninger, hvis det er n\u00f8dvendigt for at unders\u00f8ge, forhindre eller gribe ind over for ulovlige aktiviteter, mistanke om bedrageri, trusler mod den fysiske sikkerhed, overtr\u00e6delser af vores brugsbetingelser, eller n\u00e5r det er p\u00e5kr\u00e6vet ved lov.<\/p>\n\n\n\n<hr class=\"wp-block-separator has-alpha-channel-opacity\"\/>\n\n\n\n<h3 class=\"wp-block-heading has-custom-microbus-blue-color has-text-color has-link-color wp-elements-55c522da31cb66361485ce4e3366c86e\">Sikkerhed og informationsbeskyttelse<\/h3>\n\n\n\n<p>Vi implementerer forskellige sikkerhedsforanstaltninger for at beskytte dine personlige data. F\u00f8lsomme data, der overf\u00f8res online, beskyttes ved hj\u00e6lp af kryptering.<\/p>\n\n\n\n<p>Kun medarbejdere, der har brug for adgang til persondata for at udf\u00f8re specifikke opgaver (f.eks. fakturering, kundeservice), f\u00e5r adgang. Servere og systemer, der lagrer persondata, opbevares i sikre milj\u00f8er i Sverige.<\/p>\n\n\n\n<h3 class=\"wp-block-heading has-custom-microbus-blue-color has-text-color has-link-color wp-elements-8a1b0578f6fbfc06b5bc9e3a74aa7967\">Intern e-mail<\/h3>\n\n\n\n<p>Al e-mailkorrespondance tilh\u00f8rer virksomheden og kan tilg\u00e5s af autoriserede it-administratorer og sikkerhedspersonale som led i bestr\u00e6belserne p\u00e5 at beskytte virksomheden mod datatyveri, datatab, ransomware, virus og andre it-sikkerhedstrusler.<\/p>\n\n\n\n<hr class=\"wp-block-separator has-alpha-channel-opacity\"\/>\n\n\n\n<h3 class=\"wp-block-heading has-custom-microbus-blue-color has-text-color has-link-color wp-elements-d2f0ada8388b83f6d08c338f1adfe20b\">Sm\u00e5kager<\/h3>\n\n\n\n<p>Ja, vi bruger cookies.<\/p>\n\n\n\n<p>Cookies forbedrer adgangen til vores hjemmeside og identificerer tilbagevendende bes\u00f8gende. De forbedrer brugeroplevelsen ved at spore og m\u00e5lrette brugernes interesser.<\/p>\n\n\n\n<p>Vores brug af cookies er ikke knyttet til personligt identificerbare oplysninger.<\/p>\n\n\n\n<hr class=\"wp-block-separator has-alpha-channel-opacity\"\/>\n\n\n\n<h3 class=\"wp-block-heading has-custom-microbus-blue-color has-text-color has-link-color wp-elements-7d7f4dc39c31b313853d4c4f9df4fc73\">Dine rettigheder<\/h3>\n\n\n\n<p>Som registreret person hos Microbus AB har du f\u00f8lgende rettigheder:<\/p>\n\n\n\n<ul class=\"wp-block-list\">\n<li>Retten til at modtage information om, hvordan vi behandler dine personlige data<\/li>\n\n\n\n<li>Retten til at anmode om et dataudtr\u00e6k en gang om \u00e5ret<\/li>\n\n\n\n<li>Retten til at anmode om rettelse af un\u00f8jagtige data<\/li>\n\n\n\n<li>Retten til sletning under visse betingelser:\n<ul class=\"wp-block-list\">\n<li>Dataene er ikke l\u00e6ngere n\u00f8dvendige<\/li>\n\n\n\n<li>Du tr\u00e6kker dit samtykke tilbage<\/li>\n\n\n\n<li>Behandlingen er baseret p\u00e5 legitim interesse, og din interesse vejer tungere end vores.<\/li>\n\n\n\n<li>Dataene er blevet behandlet ulovligt<\/li>\n\n\n\n<li>Du g\u00f8r indsigelse mod direkte markedsf\u00f8ring<\/li>\n<\/ul>\n<\/li>\n<\/ul>\n\n\n\n<p>Retten til sletning g\u00e6lder ikke, hvis vi er juridisk forpligtet til at opbevare dataene (f.eks. regnskabslovgivning).<\/p>\n\n\n\n<p>Det har du ogs\u00e5:<\/p>\n\n\n\n<ul class=\"wp-block-list\">\n<li>Retten til dataportabilitet (hvis behandlingen er baseret p\u00e5 samtykke eller kontrakt)<\/li>\n\n\n\n<li>Retten til at anmode om begr\u00e6nsning af behandling<\/li>\n\n\n\n<li>Retten til at g\u00f8re indsigelse mod behandling<\/li>\n\n\n\n<li>Retten til at indgive en klage til den svenske myndighed for beskyttelse af privatlivets fred (Integritetsskyddsmyndigheten)<\/li>\n<\/ul>\n\n\n\n<p>For at ud\u00f8ve dine rettigheder skal du kontakte os p\u00e5:<\/p>\n\n\n\n<p>Telefon: +46 40 53 96 80 +46 40 53 96 80<br>E-mail: <a href=\"mailto:info@microbusgroup.se\" title=\"\">info@MicrobusGroup.se<\/a><\/p>\n\n\n\n<hr class=\"wp-block-separator has-alpha-channel-opacity\"\/>\n\n\n\n<h3 class=\"wp-block-heading has-custom-microbus-blue-color has-text-color has-link-color wp-elements-10eedc2bca5e44cefce00b4c2416b7f3\">Afmeld dit abonnement<\/h3>\n\n\n\n<p>Vi bruger din e-mailadresse til at sende oplysninger om dine ordrer, nyhedsbreve og produktopdateringer.<\/p>\n\n\n\n<p>Hvis du ikke l\u00e6ngere \u00f8nsker at modtage s\u00e5danne meddelelser, findes der instruktioner om afmelding nederst i hvert nyhedsbrev.<\/p>\n\n\n\n<hr class=\"wp-block-separator has-alpha-channel-opacity\"\/>\n\n\n\n<h3 class=\"wp-block-heading has-custom-microbus-blue-color has-text-color has-link-color wp-elements-4b71dad54c55e346961f4427a097e390\">\u00c6ndringer af denne politik<\/h3>\n\n\n\n<p>Microbus forbeholder sig ret til at \u00e6ndre eller opdatere denne privatlivspolitik, n\u00e5r det er n\u00f8dvendigt.<\/p>\n\n\n\n<hr class=\"wp-block-separator has-alpha-channel-opacity\"\/>\n\n\n\n<h3 class=\"wp-block-heading has-custom-microbus-blue-color has-text-color has-link-color wp-elements-a69b907a7b2e16f5512adcbbb40342fb\">Aktiviteter til behandling af personoplysninger<\/h3>\n\n\n\n<figure class=\"wp-block-table\"><table class=\"has-fixed-layout\"><thead><tr><th>Behandling af personoplysninger<\/th><th>Form\u00e5l med behandling<\/th><th>Kategorier af personlige data<\/th><th>Kategorier af registrerede<\/th><th>Juridisk grundlag<\/th><th>Opbevaringsperiode<\/th><\/tr><\/thead><tbody><tr><td>K\u00f8b af produkt eller service via vores kanaler \/ tilgodehavender<\/td><td>Lever produktet\/servicen<\/td><td>Kontaktoplysninger, adresse og faktureringsoplysninger<\/td><td>Kunder<\/td><td>Kontrakt<\/td><td>Kontraktperiode + 5 \u00e5r<\/td><\/tr><tr><td>Test af produkt\/service (demo)<\/td><td>Opf\u00f8lgning af produkttest<\/td><td>Kontaktoplysninger<\/td><td>Potentielle kunder<\/td><td>Berettiget interesse<\/td><td>5 \u00e5r<\/td><\/tr><tr><td>Bes\u00f8g p\u00e5 hjemmesiden<\/td><td>Analyse og opf\u00f8lgning<\/td><td>Cookies, IP-adresse<\/td><td>Bes\u00f8gende p\u00e5 hjemmesiden<\/td><td>Berettiget interesse<\/td><td>5 \u00e5r<\/td><\/tr><tr><td>Tilmelding til gratis tjenester (seminarer, webinarer)<\/td><td>Lever tjenesten<\/td><td>Kontaktoplysninger<\/td><td>Kunder, potentielle kunder<\/td><td>Kontrakt<\/td><td>Kontraktperiode + 5 \u00e5r<\/td><\/tr><tr><td>Direkte markedsf\u00f8ring<\/td><td>Tilbyde varer\/tjenester<\/td><td>Kontaktoplysninger<\/td><td>Kunder, potentielle kunder<\/td><td>Berettiget interesse<\/td><td>5 \u00e5r efter kontraktens oph\u00f8r<\/td><\/tr><tr><td>Jobans\u00f8gere (specifik stilling)<\/td><td>Evaluer og v\u00e6lg en passende kandidat<\/td><td>Generelle, ans\u00e6ttelsesrelaterede, pr\u00e6stationsrelaterede og identitetsrelaterede data<\/td><td>Jobans\u00f8gere<\/td><td>Berettiget interesse<\/td><td>Rekrutteringsproces + yderligere 3 \u00e5r<\/td><\/tr><tr><td>Leverand\u00f8rg\u00e6ld (leverand\u00f8rer)<\/td><td>K\u00f8b varer\/tjenester<\/td><td>Oplysninger om fakturering<\/td><td>Leverand\u00f8rer<\/td><td>Kontrakt + juridisk forpligtelse<\/td><td>10 \u00e5r<\/td><\/tr><tr><td>Kundesager \/ Support<\/td><td>Logning af sagsbehandling<\/td><td>Kunde- og kontaktoplysninger<\/td><td>Kunder<\/td><td>Kontrakt<\/td><td>Kontraktperiode + 5 \u00e5r<\/td><\/tr><tr><td>Kontakt via telefon eller chat<\/td><td>Dokumentation og opf\u00f8lgning<\/td><td>Kontaktoplysninger, optagelser af opkald<\/td><td>Alle kategorier<\/td><td>Berettiget interesse + kontrakt<\/td><td>5 \u00e5r<\/td><\/tr><tr><td>Kontakt via e-mail eller sociale medier<\/td><td>Dokumentation og opf\u00f8lgning<\/td><td>Kontaktoplysninger<\/td><td>Alle kategorier<\/td><td>Kontrakt + legitim interesse<\/td><td>5 \u00e5r<\/td><\/tr><tr><td>Datalagring i skyen<\/td><td>Opbevar data p\u00e5 vegne af den dataansvarlige<\/td><td>Alle kategorier af personoplysninger<\/td><td>Kunder<\/td><td>Kontrakt<\/td><td>Kontraktperiode + 5 \u00e5r<\/td><\/tr><tr><td>Backup af lagrede cloud\/lokale data (krypteret, begr\u00e6nset adgang)<\/td><td>Sikre datatilg\u00e6ngelighed i tilf\u00e6lde af tab<\/td><td>Alle kategorier af personoplysninger<\/td><td>Kunder<\/td><td>Berettiget interesse<\/td><td>Op til 25 m\u00e5neder efter sletning fra systemet<\/td><\/tr><tr><td>Program- og servicefora<\/td><td>Support og selvbetjening<\/td><td>Kontaktoplysninger<\/td><td>Kunder, potentielle kunder<\/td><td>Kontrakt + legitim interesse<\/td><td>5 \u00e5r<\/td><\/tr><tr><td>Meddelelser om allergi<\/td><td>S\u00f8rg for sikkerhed i forhold til kostrestriktioner<\/td><td>Sundhedsdata<\/td><td>Kunder<\/td><td>Beskyttelse af vitale interesser<\/td><td>Kontraktperiode + 30 dage<\/td><\/tr><tr><td>Registrering af Microbus-konto<\/td><td>Opret konto for at f\u00e5 adgang til tjenester<\/td><td>E-mailadresse, loginoplysninger, kontaktoplysninger<\/td><td>Kunder<\/td><td>Kontrakt<\/td><td>Kontraktperiode + 5 \u00e5r<\/td><\/tr><tr><td>Adresseudtr\u00e6k til direct mail<\/td><td>Markedsf\u00f8ring<\/td><td>Adresseoplysninger<\/td><td>Potentielle kunder<\/td><td>Berettiget interesse<\/td><td>90 dage<\/td><\/tr><tr><td>Tilmelding til nyhedsbrev<\/td><td>Leverer service<\/td><td>E-mail-adresse<\/td><td>Kunder<\/td><td>Kontrakt<\/td><td>Kontraktperiode + 5 \u00e5r<\/td><\/tr><tr><td>Overf\u00f8rsel af kundefiler<\/td><td>St\u00f8tte<\/td><td>Data inkluderet i software\/programmer<\/td><td>Kunder<\/td><td>Kontrakt<\/td><td>Mens sagen er \u00e5ben + 12 m\u00e5neder<\/td><\/tr><tr><td>Fjernadgang til kundens computer<\/td><td>St\u00f8tte<\/td><td>Data inkluderet i software\/programmer<\/td><td>Kunder<\/td><td>Kontrakt<\/td><td>1-30 dage<\/td><\/tr><tr><td>Register over databehandlingsaftaler<\/td><td>Overholdelse af GDPR<\/td><td>Kundedata<\/td><td>Kunder<\/td><td>Juridisk forpligtelse<\/td><td>Kontraktperiode + 5 \u00e5r<\/td><\/tr><tr><td>Register over anmodninger om GDPR-rettigheder<\/td><td>Sikre overholdelse af GDPR-deadlines<\/td><td>Navn, kundenummer<\/td><td>Kunder<\/td><td>Juridisk forpligtelse<\/td><td>10 \u00e5r<\/td><\/tr><tr><td>Register over potentielle kunder<\/td><td>Gemme kontaktoplysninger p\u00e5 interesserede parter<\/td><td>Kontaktoplysninger<\/td><td>Potentielle kunder<\/td><td>Berettiget interesse<\/td><td>5 \u00e5r<\/td><\/tr><tr><td>H\u00e5ndtering af brud p\u00e5 persondatasikkerheden<\/td><td>Registrering af ber\u00f8rte personer<\/td><td>Alle kategorier af personoplysninger<\/td><td>Alle kategorier<\/td><td>Juridisk forpligtelse<\/td><td>10 \u00e5r<\/td><\/tr><tr><td>Fotos, video- og lydoptagelser af kunder<\/td><td>Markedsf\u00f8ring af produkter\/services<\/td><td>Generelle og yderligere personoplysninger<\/td><td>Kunder<\/td><td>Samtykke + legitim interesse<\/td><td>Under aktiv markedsf\u00f8ring eller indtil samtykke tr\u00e6kkes tilbage<\/td><\/tr><tr><td>Register over samtykke (foto\/video\/lyd)<\/td><td>Sikre retsgrundlag for behandling<\/td><td>Generelle data<\/td><td>Kunder<\/td><td>Samtykke<\/td><td>Under aktiv markedsf\u00f8ring eller indtil samtykke tr\u00e6kkes tilbage<\/td><\/tr><\/tbody><\/table><\/figure>\n\n\n\n<hr class=\"wp-block-separator has-alpha-channel-opacity\"\/>\n\n\n\n<h3 class=\"wp-block-heading has-custom-microbus-blue-color has-text-color has-link-color wp-elements-f8a746fd2a5c30bb03c6628cdedc5700\">Kontaktoplysninger<\/h3>\n\n\n\n<p>Hvis du har sp\u00f8rgsm\u00e5l til denne privatlivspolitik eller til, hvordan vi behandler dine personoplysninger, er du velkommen til at kontakte os:<\/p>\n\n\n\n<p>Microbus Electronic Service AB<br>Batterigatan 4A<br>212 41 Malm\u00f8<br>Sverige<\/p>\n\n\n\n<p>E-mail: <a>info@MicrobusGroup.se<\/a><br>Telefon: +46 40 53 96 80 +46 40 53 96 80<\/p>\n\n\n\n<p><\/p>","protected":false},"excerpt":{"rendered":"<p>General This policy describes how Microbus Electronic Service AB (company registration number 556235-7151), hereinafter referred to as \u201cMicrobus\u201d, processes your personal data. Through this Privacy Policy, we aim to demonstrate how we ensure that your personal data is handled in accordance with applicable data protection legislation, so that you can feel confident when providing your [&hellip;]<\/p>\n","protected":false},"author":1,"featured_media":0,"parent":0,"menu_order":0,"comment_status":"closed","ping_status":"closed","template":"page-with-title","meta":{"_monsterinsights_skip_tracking":false,"_monsterinsights_sitenote_active":false,"_monsterinsights_sitenote_note":"","_monsterinsights_sitenote_category":0,"footnotes":""},"class_list":["post-527","page","type-page","status-publish","hentry"],"aioseo_notices":[],"_links":{"self":[{"href":"https:\/\/microbus.com\/da\/wp-json\/wp\/v2\/pages\/527","targetHints":{"allow":["GET"]}}],"collection":[{"href":"https:\/\/microbus.com\/da\/wp-json\/wp\/v2\/pages"}],"about":[{"href":"https:\/\/microbus.com\/da\/wp-json\/wp\/v2\/types\/page"}],"author":[{"embeddable":true,"href":"https:\/\/microbus.com\/da\/wp-json\/wp\/v2\/users\/1"}],"replies":[{"embeddable":true,"href":"https:\/\/microbus.com\/da\/wp-json\/wp\/v2\/comments?post=527"}],"version-history":[{"count":3,"href":"https:\/\/microbus.com\/da\/wp-json\/wp\/v2\/pages\/527\/revisions"}],"predecessor-version":[{"id":576,"href":"https:\/\/microbus.com\/da\/wp-json\/wp\/v2\/pages\/527\/revisions\/576"}],"wp:attachment":[{"href":"https:\/\/microbus.com\/da\/wp-json\/wp\/v2\/media?parent=527"}],"curies":[{"name":"wp","href":"https:\/\/api.w.org\/{rel}","templated":true}]}}