{"id":342,"date":"2026-02-20T15:02:18","date_gmt":"2026-02-20T14:02:18","guid":{"rendered":"https:\/\/microbus.com\/?page_id=342"},"modified":"2026-02-23T09:43:59","modified_gmt":"2026-02-23T08:43:59","slug":"microbus-logotype","status":"publish","type":"page","link":"https:\/\/microbus.com\/da\/microbus-logotype\/","title":{"rendered":"Brand og logotype"},"content":{"rendered":"<div class=\"wp-block-columns is-layout-flex wp-container-core-columns-is-layout-28f84493 wp-block-columns-is-layout-flex\">\n<div class=\"wp-block-column is-layout-flow wp-block-column-is-layout-flow\">\n<p>Logoet ejes af Microbus Electronic Service AB og skal bruges til at identificere Microbus som afsender p\u00e5 tilbud, f\u00f8lgesedler, brevhoveder og digitale signaturer. Logoet skal ogs\u00e5 bruges af Microbus's personale, n\u00e5r det er muligt, p\u00e5 arbejdst\u00f8j, reklameprodukter, k\u00f8ret\u00f8jer og lignende materialer.<\/p>\n\n\n\n<p>Logoet m\u00e5 ikke bruges p\u00e5 en m\u00e5de, der kan vildlede andre virksomheder eller offentligheden til at tro, at Microbus er ansvarlig for varer eller tjenester, der ikke leveres af Microbus.<\/p>\n\n\n\n<h3 class=\"wp-block-heading has-custom-microbus-blue-color has-text-color has-link-color wp-elements-0585e265c94e009ac92358ae8b88e529\">Presse og medier<\/h3>\n\n\n\n<p>Microbus-logoet skal offentligg\u00f8res i forbindelse med artikler og interviews.<\/p>\n\n\n\n<hr class=\"wp-block-separator has-alpha-channel-opacity\"\/>\n\n\n\n<h3 class=\"wp-block-heading has-custom-microbus-blue-color has-text-color has-link-color wp-elements-719087bf7be9c5a3be141dc2edc0cd36\">Vores partnere<\/h3>\n\n\n\n<p>Microbus-logoet m\u00e5 kun bruges i sammenh\u00e6nge, hvor Microbus viser, at noget tilh\u00f8rer, er ejet af, produceret af eller drives af Microbus.<\/p>\n\n\n\n<p>Alle medarbejdere har ret til at bruge logoet i deres arbejde. Det er dog ikke n\u00f8dvendigt, at logoet optr\u00e6der i al intern kommunikation i Microbus.<\/p>\n\n\n\n<p>Brug af logoet i forbindelse med sponsorering kr\u00e6ver godkendelse fra Microbus's ledelse, ligesom brug af logoet i kombination med andre logoer.<\/p>\n<\/div>\n\n\n\n<div class=\"wp-block-column is-layout-flow wp-block-column-is-layout-flow\">\n<figure class=\"wp-block-image size-full\"><img loading=\"lazy\" decoding=\"async\" width=\"656\" height=\"420\" src=\"https:\/\/microbus.com\/wp-content\/uploads\/2026\/02\/M-png.png\" alt=\"\" class=\"wp-image-383\" style=\"object-fit:cover\" srcset=\"https:\/\/microbus.com\/wp-content\/uploads\/2026\/02\/M-png.png 656w, https:\/\/microbus.com\/wp-content\/uploads\/2026\/02\/M-png-300x192.png 300w, https:\/\/microbus.com\/wp-content\/uploads\/2026\/02\/M-png-18x12.png 18w\" sizes=\"auto, (max-width: 656px) 100vw, 656px\" \/><\/figure>\n\n\n\n<figure class=\"wp-block-image size-large\"><img loading=\"lazy\" decoding=\"async\" width=\"1024\" height=\"185\" src=\"https:\/\/microbus.com\/wp-content\/uploads\/2026\/02\/Microbus_modernpng-1024x185.png\" alt=\"\" class=\"wp-image-251\" srcset=\"https:\/\/microbus.com\/wp-content\/uploads\/2026\/02\/Microbus_modernpng-1024x185.png 1024w, https:\/\/microbus.com\/wp-content\/uploads\/2026\/02\/Microbus_modernpng-300x54.png 300w, https:\/\/microbus.com\/wp-content\/uploads\/2026\/02\/Microbus_modernpng-768x139.png 768w, https:\/\/microbus.com\/wp-content\/uploads\/2026\/02\/Microbus_modernpng-18x3.png 18w, https:\/\/microbus.com\/wp-content\/uploads\/2026\/02\/Microbus_modernpng.png 1306w\" sizes=\"auto, (max-width: 1024px) 100vw, 1024px\" \/><\/figure>\n\n\n\n<h3 class=\"wp-block-heading has-custom-microbus-blue-color has-text-color has-link-color wp-elements-ca15c08c3c367d43f3a783b4c38b90d3\">Microbus-slogans<\/h3>\n\n\n\n<p>Mer \u00e4n pricken \u00f6ver i<br>\u00c6ldre end internettet<br>Electronic signs since 1983<br>N\u00e4r du vill ha mer \u00e4n pricken \u00f6ver i \u2013 Microbus kompletta system<\/p>\n\n\n\n<hr class=\"wp-block-separator has-alpha-channel-opacity\"\/>\n<\/div>\n<\/div>\n\n\n\n<h3 class=\"wp-block-heading has-text-align-left has-custom-microbus-blue-color has-text-color has-link-color wp-elements-0676d2c4416cd87f5265daef83311011\">Microbus Logotype farveguide<\/h3>\n\n\n\n<figure class=\"wp-block-image size-large\"><img loading=\"lazy\" decoding=\"async\" width=\"1024\" height=\"680\" src=\"https:\/\/microbus.com\/wp-content\/uploads\/2026\/02\/Microbus-logotype-color-codes-1024x680.png\" alt=\"\" class=\"wp-image-384\" srcset=\"https:\/\/microbus.com\/wp-content\/uploads\/2026\/02\/Microbus-logotype-color-codes-1024x680.png 1024w, https:\/\/microbus.com\/wp-content\/uploads\/2026\/02\/Microbus-logotype-color-codes-300x199.png 300w, https:\/\/microbus.com\/wp-content\/uploads\/2026\/02\/Microbus-logotype-color-codes-768x510.png 768w, https:\/\/microbus.com\/wp-content\/uploads\/2026\/02\/Microbus-logotype-color-codes-18x12.png 18w, https:\/\/microbus.com\/wp-content\/uploads\/2026\/02\/Microbus-logotype-color-codes.png 1489w\" sizes=\"auto, (max-width: 1024px) 100vw, 1024px\" \/><\/figure>\n\n\n\n<p class=\"has-text-align-center has-custom-svart-color has-text-color has-link-color wp-elements-88af1c326a99f66199bcafb255d253cb\">Opl\u00f8sningen kan bruges til b\u00e5de digital publicering og print. Alle logoer vises som thumbnails og kan downloades i h\u00f8j opl\u00f8sning. I vores billedarkiv nedenfor finder du vores logotype i flere forskellige formater og opl\u00f8sninger.<\/p>\n\n\n<style type=\"text\/css\">\n#foogallery-gallery-406 .fg-image { width: 270px; }\n#foogallery-gallery-406 { --fg-gutter: 10px; }<\/style>\n\t\t\t<div class=\"foogallery foogallery-container foogallery-default foogallery-lightbox-foogallery fg-center fg-default fg-ready fg-light fg-shadow-medium fg-loading-default fg-loaded-fade-in fg-preset fg-brad fg-preset-small fg-preset fg-brad fg-preset-small\" id=\"foogallery-gallery-406\" data-foogallery=\"{&quot;item&quot;:{&quot;showCaptionTitle&quot;:true,&quot;showCaptionDescription&quot;:true},&quot;lazy&quot;:true}\" data-foogallery-lightbox=\"{&quot;thumbs&quot;:&quot;bottom&quot;,&quot;thumbsCaptions&quot;:false,&quot;thumbsBestFit&quot;:false,&quot;thumbsSmall&quot;:false,&quot;thumbsCaptionsAlign&quot;:&quot;default&quot;,&quot;info&quot;:&quot;bottom&quot;,&quot;infoVisible&quot;:true,&quot;infoOverlay&quot;:true,&quot;infoAlign&quot;:&quot;default&quot;,&quot;transition&quot;:&quot;fade&quot;,&quot;hoverButtons&quot;:false,&quot;fitMedia&quot;:false,&quot;noScrollbars&quot;:true,&quot;preserveButtonSpace&quot;:true,&quot;buttons&quot;:{&quot;fullscreen&quot;:true,&quot;info&quot;:true,&quot;thumbs&quot;:false},&quot;video&quot;:{&quot;autoPlay&quot;:true}}\" style=\"--fg-title-line-clamp: 1; --fg-description-line-clamp: 2;\" >\n\t<div class=\"fg-item fg-type-image fg-idle\"><figure class=\"fg-item-inner\"><a href=\"https:\/\/microbus.com\/wp-content\/uploads\/2026\/02\/Microbus-logotype-Microbus-blue-png.png\" data-attachment-id=\"391\" data-type=\"image\" class=\"fg-thumb\"><span class=\"fg-image-wrap\"><img fetchpriority=\"high\" decoding=\"async\" width=\"270\" height=\"230\" class=\"skip-lazy fg-image\" data-src-fg=\"https:\/\/microbus.com\/wp-content\/uploads\/cache\/2026\/02\/Microbus-logotype-Microbus-blue-png\/3774350436.png\" src=\"data:image\/svg+xml,%3Csvg%20xmlns%3D%22http%3A%2F%2Fwww.w3.org%2F2000%2Fsvg%22%20width%3D%22270%22%20height%3D%22230%22%20viewBox%3D%220%200%20270%20230%22%3E%3C%2Fsvg%3E\" loading=\"eager\"><\/span><span class=\"fg-image-overlay\"><\/span><\/a><\/figure><div class=\"fg-loader\"><\/div><\/div><div class=\"fg-item fg-type-image fg-idle\"><figure class=\"fg-item-inner\"><a href=\"https:\/\/microbus.com\/wp-content\/uploads\/2026\/02\/Microbus-logotype-LEDdisplay-blue-png.png\" data-attachment-id=\"390\" data-type=\"image\" class=\"fg-thumb\"><span class=\"fg-image-wrap\"><img decoding=\"async\" width=\"270\" height=\"230\" class=\"skip-lazy fg-image\" data-src-fg=\"https:\/\/microbus.com\/wp-content\/uploads\/cache\/2026\/02\/Microbus-logotype-LEDdisplay-blue-png\/1872474057.png\" src=\"data:image\/svg+xml,%3Csvg%20xmlns%3D%22http%3A%2F%2Fwww.w3.org%2F2000%2Fsvg%22%20width%3D%22270%22%20height%3D%22230%22%20viewBox%3D%220%200%20270%20230%22%3E%3C%2Fsvg%3E\" loading=\"eager\"><\/span><span class=\"fg-image-overlay\"><\/span><\/a><\/figure><div class=\"fg-loader\"><\/div><\/div><div class=\"fg-item fg-type-image fg-idle\"><figure class=\"fg-item-inner\"><a href=\"https:\/\/microbus.com\/wp-content\/uploads\/2026\/02\/Microbus-logo-Microbus-AB-BlueRed-png.png\" data-attachment-id=\"389\" data-type=\"image\" class=\"fg-thumb\"><span class=\"fg-image-wrap\"><img decoding=\"async\" width=\"270\" height=\"230\" class=\"skip-lazy fg-image\" data-src-fg=\"https:\/\/microbus.com\/wp-content\/uploads\/cache\/2026\/02\/Microbus-logo-Microbus-AB-BlueRed-png\/2648365710.png\" src=\"data:image\/svg+xml,%3Csvg%20xmlns%3D%22http%3A%2F%2Fwww.w3.org%2F2000%2Fsvg%22%20width%3D%22270%22%20height%3D%22230%22%20viewBox%3D%220%200%20270%20230%22%3E%3C%2Fsvg%3E\" loading=\"eager\"><\/span><span class=\"fg-image-overlay\"><\/span><\/a><\/figure><div class=\"fg-loader\"><\/div><\/div><div class=\"fg-item fg-type-image fg-idle\"><figure class=\"fg-item-inner\"><a href=\"https:\/\/microbus.com\/wp-content\/uploads\/2026\/02\/Microbus-logo-LEDdisplay-BlueRed-png.png\" data-attachment-id=\"388\" data-type=\"image\" class=\"fg-thumb\"><span class=\"fg-image-wrap\"><img decoding=\"async\" width=\"270\" height=\"230\" class=\"skip-lazy fg-image\" data-src-fg=\"https:\/\/microbus.com\/wp-content\/uploads\/cache\/2026\/02\/Microbus-logo-LEDdisplay-BlueRed-png\/1735250809.png\" src=\"data:image\/svg+xml,%3Csvg%20xmlns%3D%22http%3A%2F%2Fwww.w3.org%2F2000%2Fsvg%22%20width%3D%22270%22%20height%3D%22230%22%20viewBox%3D%220%200%20270%20230%22%3E%3C%2Fsvg%3E\" loading=\"eager\"><\/span><span class=\"fg-image-overlay\"><\/span><\/a><\/figure><div class=\"fg-loader\"><\/div><\/div><div class=\"fg-item fg-type-image fg-idle\"><figure class=\"fg-item-inner\"><a href=\"https:\/\/microbus.com\/wp-content\/uploads\/2026\/02\/Microbus-logo-internet-BlueRed-png.png\" data-attachment-id=\"387\" data-type=\"image\" class=\"fg-thumb\"><span class=\"fg-image-wrap\"><img decoding=\"async\" width=\"270\" height=\"230\" class=\"skip-lazy fg-image\" data-src-fg=\"https:\/\/microbus.com\/wp-content\/uploads\/cache\/2026\/02\/Microbus-logo-internet-BlueRed-png\/3579965413.png\" src=\"data:image\/svg+xml,%3Csvg%20xmlns%3D%22http%3A%2F%2Fwww.w3.org%2F2000%2Fsvg%22%20width%3D%22270%22%20height%3D%22230%22%20viewBox%3D%220%200%20270%20230%22%3E%3C%2Fsvg%3E\" loading=\"eager\"><\/span><span class=\"fg-image-overlay\"><\/span><\/a><\/figure><div class=\"fg-loader\"><\/div><\/div><div class=\"fg-item fg-type-image fg-idle\"><figure class=\"fg-item-inner\"><a href=\"https:\/\/microbus.com\/wp-content\/uploads\/2026\/02\/Microbus-logo-banner-LEDdisplay-jpg.jpg\" data-attachment-id=\"386\" data-type=\"image\" class=\"fg-thumb\"><span class=\"fg-image-wrap\"><img decoding=\"async\" width=\"270\" height=\"230\" class=\"skip-lazy fg-image\" data-src-fg=\"https:\/\/microbus.com\/wp-content\/uploads\/cache\/2026\/02\/Microbus-logo-banner-LEDdisplay-jpg\/59363094.jpg\" src=\"data:image\/svg+xml,%3Csvg%20xmlns%3D%22http%3A%2F%2Fwww.w3.org%2F2000%2Fsvg%22%20width%3D%22270%22%20height%3D%22230%22%20viewBox%3D%220%200%20270%20230%22%3E%3C%2Fsvg%3E\" loading=\"eager\"><\/span><span class=\"fg-image-overlay\"><\/span><\/a><\/figure><div class=\"fg-loader\"><\/div><\/div><div class=\"fg-item fg-type-image fg-idle\"><figure class=\"fg-item-inner\"><a href=\"https:\/\/microbus.com\/wp-content\/uploads\/2026\/02\/Microbus-flagga-png-1080x1446-1.png\" data-attachment-id=\"385\" data-type=\"image\" class=\"fg-thumb\"><span class=\"fg-image-wrap\"><img decoding=\"async\" width=\"270\" height=\"230\" class=\"skip-lazy fg-image\" data-src-fg=\"https:\/\/microbus.com\/wp-content\/uploads\/cache\/2026\/02\/Microbus-flagga-png-1080x1446-1\/577828288.png\" src=\"data:image\/svg+xml,%3Csvg%20xmlns%3D%22http%3A%2F%2Fwww.w3.org%2F2000%2Fsvg%22%20width%3D%22270%22%20height%3D%22230%22%20viewBox%3D%220%200%20270%20230%22%3E%3C%2Fsvg%3E\" loading=\"eager\"><\/span><span class=\"fg-image-overlay\"><\/span><\/a><\/figure><div class=\"fg-loader\"><\/div><\/div><div class=\"fg-item fg-type-image fg-idle\"><figure class=\"fg-item-inner\"><a href=\"https:\/\/microbus.com\/wp-content\/uploads\/2026\/02\/Microbus-logotype-color-codes.png\" data-attachment-id=\"384\" data-type=\"image\" class=\"fg-thumb\"><span class=\"fg-image-wrap\"><img decoding=\"async\" width=\"270\" height=\"230\" class=\"skip-lazy fg-image\" data-src-fg=\"https:\/\/microbus.com\/wp-content\/uploads\/cache\/2026\/02\/Microbus-logotype-color-codes\/4233253838.png\" src=\"data:image\/svg+xml,%3Csvg%20xmlns%3D%22http%3A%2F%2Fwww.w3.org%2F2000%2Fsvg%22%20width%3D%22270%22%20height%3D%22230%22%20viewBox%3D%220%200%20270%20230%22%3E%3C%2Fsvg%3E\" loading=\"eager\"><\/span><span class=\"fg-image-overlay\"><\/span><\/a><\/figure><div class=\"fg-loader\"><\/div><\/div><div class=\"fg-item fg-type-image fg-idle\"><figure class=\"fg-item-inner\"><a href=\"https:\/\/microbus.com\/wp-content\/uploads\/2026\/02\/M-png.png\" data-attachment-id=\"383\" data-type=\"image\" class=\"fg-thumb\"><span class=\"fg-image-wrap\"><img decoding=\"async\" alt=\"Microbus kort logotype\" width=\"270\" height=\"230\" class=\"skip-lazy fg-image\" data-src-fg=\"https:\/\/microbus.com\/wp-content\/uploads\/cache\/2026\/02\/M-png\/4265453872.png\" src=\"data:image\/svg+xml,%3Csvg%20xmlns%3D%22http%3A%2F%2Fwww.w3.org%2F2000%2Fsvg%22%20width%3D%22270%22%20height%3D%22230%22%20viewBox%3D%220%200%20270%20230%22%3E%3C%2Fsvg%3E\" loading=\"eager\"><\/span><span class=\"fg-image-overlay\"><\/span><\/a><\/figure><div class=\"fg-loader\"><\/div><\/div><div class=\"fg-item fg-type-image fg-idle\"><figure class=\"fg-item-inner\"><a href=\"https:\/\/microbus.com\/wp-content\/uploads\/2026\/02\/Microbus_modernpng.png\" data-attachment-id=\"251\" data-type=\"image\" class=\"fg-thumb\"><span class=\"fg-image-wrap\"><img decoding=\"async\" alt=\"Microbus fuld logotype\" width=\"270\" height=\"230\" class=\"skip-lazy fg-image\" data-src-fg=\"https:\/\/microbus.com\/wp-content\/uploads\/cache\/2026\/02\/Microbus_modernpng\/1516948018.png\" src=\"data:image\/svg+xml,%3Csvg%20xmlns%3D%22http%3A%2F%2Fwww.w3.org%2F2000%2Fsvg%22%20width%3D%22270%22%20height%3D%22230%22%20viewBox%3D%220%200%20270%20230%22%3E%3C%2Fsvg%3E\" loading=\"eager\"><\/span><span class=\"fg-image-overlay\"><\/span><\/a><\/figure><div class=\"fg-loader\"><\/div><\/div><\/div>","protected":false},"excerpt":{"rendered":"<p>The logo is owned by Microbus Electronic Service AB and shall be used to identify Microbus as the sender on quotations, delivery notes, letterheads, and digital signatures. The logo should also be used by Microbus personnel, whenever possible, on workwear, promotional products, vehicles, and similar materials. The logo must not be used in any way [&hellip;]<\/p>\n","protected":false},"author":1,"featured_media":0,"parent":0,"menu_order":0,"comment_status":"closed","ping_status":"closed","template":"page-with-title","meta":{"_monsterinsights_skip_tracking":false,"_monsterinsights_sitenote_active":false,"_monsterinsights_sitenote_note":"","_monsterinsights_sitenote_category":0,"footnotes":""},"class_list":["post-342","page","type-page","status-publish","hentry"],"aioseo_notices":[],"_links":{"self":[{"href":"https:\/\/microbus.com\/da\/wp-json\/wp\/v2\/pages\/342","targetHints":{"allow":["GET"]}}],"collection":[{"href":"https:\/\/microbus.com\/da\/wp-json\/wp\/v2\/pages"}],"about":[{"href":"https:\/\/microbus.com\/da\/wp-json\/wp\/v2\/types\/page"}],"author":[{"embeddable":true,"href":"https:\/\/microbus.com\/da\/wp-json\/wp\/v2\/users\/1"}],"replies":[{"embeddable":true,"href":"https:\/\/microbus.com\/da\/wp-json\/wp\/v2\/comments?post=342"}],"version-history":[{"count":14,"href":"https:\/\/microbus.com\/da\/wp-json\/wp\/v2\/pages\/342\/revisions"}],"predecessor-version":[{"id":570,"href":"https:\/\/microbus.com\/da\/wp-json\/wp\/v2\/pages\/342\/revisions\/570"}],"wp:attachment":[{"href":"https:\/\/microbus.com\/da\/wp-json\/wp\/v2\/media?parent=342"}],"curies":[{"name":"wp","href":"https:\/\/api.w.org\/{rel}","templated":true}]}}